{"id":8393,"date":"2022-06-15T02:19:10","date_gmt":"2022-06-15T00:19:10","guid":{"rendered":"http:\/\/mohnfoundation.webforslag.com\/thematic-initiatives\/medisinsk-forskning\/"},"modified":"2022-07-25T22:28:48","modified_gmt":"2022-07-25T20:28:48","slug":"medical-research","status":"publish","type":"page","link":"https:\/\/mohnfoundation.no\/en\/https-mohnfoundation-no-en-thematic-initiatives-womens-health\/medical-research\/","title":{"rendered":"Medical research"},"content":{"rendered":"<div class=\"wpb-content-wrapper\"><p>[vc_row css=&#8221;.vc_custom_1655252342194{margin-right: 0px !important;margin-left: 0px !important;background-image: url(https:\/\/mohnfoundation.no\/wp-content\/uploads\/2022\/06\/header-ulriken.jpg?id=5318) !important;background-position: center !important;background-repeat: no-repeat !important;background-size: cover !important;}&#8221;][vc_column]<div class=\"spacer-5830a5ea62c1f2880975a2ceab4a96be2\" style=\"\"><\/div><style>@media (min-width: 320px) { .spacer-5830a5ea62c1f2880975a2ceab4a96be2{ height: 200px;}}@media (min-width: 767px) { .spacer-5830a5ea62c1f2880975a2ceab4a96be2{ height: 200px;}}@media (min-width: 979px) { .spacer-5830a5ea62c1f2880975a2ceab4a96be2{ height: 400px;}}@media (min-width: 1200px) { .spacer-5830a5ea62c1f2880975a2ceab4a96be2{ height: 400px;}}<\/style>[\/vc_column][\/vc_row][vc_row el_class=&#8221;article-white&#8221; css=&#8221;.vc_custom_1649538946065{margin-right: 0px !important;margin-left: 0px !important;}&#8221;][vc_column][vc_row_inner css=&#8221;.vc_custom_1650537879673{margin-bottom: -30px !important;}&#8221;][vc_column_inner]<div class=\"header left  \"><h1 class=\"font-size-sm\" title=\"Medical research\">Medical research<\/h1><\/div>[\/vc_column_inner][\/vc_row_inner][vc_row_inner][vc_column_inner width=&#8221;2\/3&#8243;][vc_column_text]<\/p>\n<div class=\"vc_row wpb_row vc_inner section vc_row-fluid grid_section mpc-row\">\n<div class=\" section_inner clearfix\">\n<div class=\"section_inner_margin clearfix\">\n<div class=\"wpb_column vc_column_container vc_col-sm-12 mpc-column\" data-column-id=\"mpc_column-9162defbc99b41a\">\n<div class=\"vc_column-inner\">\n<div class=\"wpb_wrapper\">\n<div class=\"wpb_text_column wpb_content_element \">\n<div class=\"wpb_wrapper\">\n<p>During the period from 2006 to 2013, the Foundation focused strongly on medicine, with emphasis on translational medicine, through Bergen Medical Research Foundation. This\u00a0 also included\u00a0<a href=\"https:\/\/www.mohnfoundation.no\/infrastructure\/?lang=en\">infrastructure<\/a>\u00a0\u2013 and\u00a0<a href=\"https:\/\/www.mohnfoundation.no\/competence\/?lang=en\">recruitment\/competence-building<\/a>.<\/p>\n<\/div>\n<\/div>\n<\/div>\n<\/div>\n<\/div>\n<\/div>\n<\/div>\n<\/div>\n<div class=\"vc_row wpb_row vc_inner section vc_row-fluid grid_section mpc-row\">\n<div class=\" section_inner clearfix\">\n<div class=\"section_inner_margin clearfix\">\n<div class=\"wpb_column vc_column_container vc_col-sm-8 mpc-column\">\n<div class=\"vc_column-inner\">\n<div class=\"wpb_wrapper\">\n<div class=\"wpb_text_column wpb_content_element \">\n<div class=\"wpb_wrapper\">\n<p>2006<\/p>\n<div id=\"bodychild\">\n<div id=\"outercontainer\">\n<div id=\"outermain\">\n<div class=\"outercontainer\">\n<div class=\"container\">\n<section id=\"maincontent\" class=\"twelve columns\">\n<div id=\"post-229\" class=\"post-229 page type-page status-publish hentry\">\n<p>The foundation granted NOK 6,250,000 in 2006:<\/p>\n<p>To the project\u00a0<em>Links between exocrine and endocrine pancreatic dysfunction: New treatment protocols in common diabetes<\/em>, P\u00e5l Nj\u00f8lstad and Andreas Molven, NOK 2,000,000 per year for 3 years.<\/p>\n<p>Towards international research cooperation on\u00a0<em>Food Hypersensitivity and Functional Gastrointestinal Disorders<\/em>, G\u00fclen Arslan, NOK 250,000.<\/p>\n<p>2007<\/p>\n<p>The foundation granted NOK 8,800,000 i 2007, towards:<\/p>\n<ul>\n<li>The translational research project:\u00a0<em>Cancer and mesenchymal stem cells<\/em>, Rolf Bjerkvig and Per L\u00f8nning, NOK 1,500,000 per year in 3 years.<\/li>\n<li>The translational research project:\u00a0<em>The Cardioprotective Role of Insuline Therapy at Reperfusion: An Integrated Genomic and Proteomic Approach to Identify Targets Regulated by Insulin Therapy at Myocardial Reperfusion<\/em>, Anne K. Jonassen and Jan Erik Nordrehaug, NOK 1,300,000 per year in 3 years.<\/li>\n<li>International research cooperation on:\u00a0<em>Biomedical Screening of Mithochondrial Properties and Redox Status in Living Cells \u2013 a High Content Approach,\u00a0<\/em>Karl Johan Tronstad, NOK 200,000.<\/li>\n<li>International research cooperation at MedVis, Odd Helge Gilja, NOK 200,000.<\/li>\n<\/ul>\n<p>2008<\/p>\n<p>The foundation granted NOK 12,000,000 in 2008.<\/p>\n<p>To the establishment of\u00a0<a title=\"Mohn Cancer Research Laboratory\" href=\"https:\/\/bmfstiftelse.no\/2013\/03\/05\/mohn-cancer-research-laboratory\/?lang=en\" target=\"_blank\" rel=\"noopener\">Mohn Cancer Research Laboratory<\/a>, The Faculty of Medicine and Dentistry\/Haukeland University Hospital, NOK 3,000,000 per year for 4 years.<\/p>\n<p>2009<\/p>\n<p>Recruitment Programme<br \/>\nThe foundation granted in total NOK 13,496,000 the following young researchers in 2009:<\/p>\n<ul>\n<li>Lise Gundersen,\u00a0<em>A translational approach to targeted treatment of diabetes: A node on structural and functional aspects of glucokinase within the Bergen Diabetes Research Group,\u00a0<\/em>NOK 1,050,000 per year for 3 years<\/li>\n<li>Daniela Elena Costea,\u00a0<em>Characterization of oral cancer stroma \u2013 validation of its molecular signature as prognostic factor and for therapeutic intervention,\u00a0<\/em>NOK 1,050,000 per year for 3 years<\/li>\n<li>Hrvoje Miletic,\u00a0<em>Role of EGFR in modulation of cancer stem cell-like and angiogenic brain tumor<br \/>\nphenotypes,\u00a0<\/em>NOK 232,000 per year for 3 years<\/li>\n<li>Tomas Eagen,\u00a0<em>Inflammation and Infection in Chronic Obstructive Pulmonary Disease \u2013 A Large Cohort Study<\/em><em>,\u00a0<\/em>NOK 1,050,000 per year for 3 years<\/li>\n<li>Xisong Ke,\u00a0<em>Genome-wide RNA Interference Screen for Molecular Therapeutic Targets of Prostate Carcinogenesis and Metastasis<\/em>, NOK 1,050,000 per year for 3 years<\/li>\n<li>\u00d8yvind Halskau, starting grant, NOK 200,000<\/li>\n<\/ul>\n<p>2010<\/p>\n<p>Recruitment Programme<br \/>\nThe foundation granted in total NOK 19,800,000 to the following young researchers in 2010:<\/p>\n<ul>\n<li>Gudbrandsen, Oddrun Anita,\u00a0<em>Identification of Genes Regulating the Rapid Glycemic Control Induced by Bariatric Surgery<\/em>, NOK 1,100,000 per year for 3 years<\/li>\n<li>H\u00f8l, Paul Johan,\u00a0<em>Clinical biomaterials: Contributing to improved performance and safety of implants<\/em>, NOK 1,100,000 per year for 3 years<\/li>\n<li>H\u00e5vik, Bjarte,\u00a0<em>Brain-expressed Immune Genes in Cognition and Mental Illnesses: Development and Characterization of New Models<\/em>, NOK 1,100,000 per year for 3 years<\/li>\n<li>Kuipers, Sjouke Daouia,\u00a0<em>BDNF and Neurogenesis in Mood Disorders: ARCing the Gap from Psychopathology to Treatment<\/em>, NOK 1,100,000 per year for 3 years<\/li>\n<li>Wang, Jian,\u00a0<em>The role of stromal cells in brain tumors after radiotherapy<\/em>, NOK 1,100,000 per year for 3 years<\/li>\n<li>Wolff, Anette Susanne B\u00f8e,<em>Revealing mechanisms of pathological autoimmunity by studying a monogenic autoimmune disease<\/em>, NOK 1,100,000 per year for 3 years<\/li>\n<\/ul>\n<p>2011<\/p>\n<p>The foundation granted NOK 49.794.000 towards medical research in 2011.<\/p>\n<p>Recruitment Programme<strong><br \/>\n<\/strong>The foundation granted\u00a0 NOK 13,200,000\u00a0to the following young researchers in 2011:<\/p>\n<ul>\n<li>Enger, Martha;\u00a0<em>Targeting NG2 as a therapy for human Brain Tumours,<\/em>\u00a0 NOK 1.100.000 per year for 3 years<\/li>\n<\/ul>\n<ul>\n<li>Knapskog, Stian;\u00a0<em>Impact of MDM2 Promoter Polymorphisms on Cancer Risk,\u00a0<\/em>NOK 1.100.000 per year for 3 years.<\/li>\n<\/ul>\n<ul>\n<li>Svanes, Cecilie;\u00a0<em>COPD, Asthma and Allergy in Three Generations<\/em>\u00a0and Relation to Environmental and Lifestyle Factors, NOK 1.100.000 per year for 3 years.<\/li>\n<\/ul>\n<ul>\n<li>Eikesdal, Hans Petter:\u00a0\u00a0<em>The Role of PTEN and Pseudo PTEN in Response to Breast Cancer Therapy,<\/em>\u00a0NOK 1.100.000 per year for 3 years.<\/li>\n<\/ul>\n<p>Scientific Equipment<br \/>\nThe foundation granted NOK 25,344,126 towards the purchase of the following scientific equipment in 2011:<\/p>\n<ul>\n<li>Animal-PET, NOK 12,000,000<\/li>\n<li>Cardiac-CT,\u00a0\u00a0 NOK 13,344,126<\/li>\n<\/ul>\n<p>Medical Bioinformatics<br \/>\nIn the fall of 2011 the foundation granted NOK 9,000,000 to the Faculty of Medicine and Dentistry for the establishment of a research program in medical bioinformatics. Together with NOK 2,250,000 in \u201cgaveforsterkning\u201d from the government and an additional NOK 2,250,000 grant from the foundation, this supports the following three research projects started in 2012:<\/p>\n<ul>\n<li>Roland Jonsson;\u00a0<em>\u2018Omics\u2019 Data Analysis and Visualization Group(ODAV): Enabling comprehensive interpretation of global datasets through visualization of biological states within interactive and unbiased networks.<\/em>\u00a0NOK 1,500,000 per year for 3 years.<\/li>\n<li>Rolv Terje Lie;\u00a0<em>Methods for Gene-Environment Interaction Studies in Norwegian Biobanks \u2013 and their Integration in the Bioinformatics System eSysbio.\u00a0<\/em>NOK 1,500,000 per year for 3 years.\n<ul>\n<li><a href=\"https:\/\/folk.uib.no\/gjessing\/genetics\/software\/haplin\/\" target=\"_blank\" rel=\"noopener\">HAPLIN- genetic association analysis\u00a0<\/a>is a result of the project<\/li>\n<\/ul>\n<\/li>\n<li>Vidar Steen;\u00a0<em>Deep sequencing in biomedicine.<\/em>\u00a0NOK 1,500,000 per year for 3 years<\/li>\n<\/ul>\n<p>2012<\/p>\n<p>Recruitment Programme<br \/>\nThe foundation granted in total NOK 6,600,000 to the following young researchers in 2012:<\/p>\n<ul>\n<li>Wibrand, Karin;\u00a0<em>Noncoding RNA in synaptic plasticity and disease,<\/em>\u00a0NOK 1.100.000 per year for 3 years.<\/li>\n<li>Wang, Xiang;\u00a0<em>Cell-cell interactions during apoptosis of cancer cells,\u00a0<\/em>NOK 1.100.000 per year for 3 years.<\/li>\n<\/ul>\n<p>2013<\/p>\n<p>Recruitment Programme<br \/>\nThe foundation has granted in total NOK 9,900,000 to the following young researchers in 2013:<\/p>\n<ul>\n<li>Vibeke Andresen,\u00a0<em>Molecular Targeted Therapy in Acute Myeloid Leukemia<\/em>,\u00a0NOK 1.100.000 per year for 3 years.<\/li>\n<li><a href=\"https:\/\/www.uib.no\/personer\/Kimberley.Joanne.Hatfield#uib-tabs-prosjekter\" target=\"_blank\" rel=\"noopener\">Kimberley Joanne Hatfield<\/a>,\u00a0<em>Characterization of metabolic phenotypes and signaling pathways in acute myeloid\u00a0<\/em><em>leukemia and their role in anti-leukemia treatment<\/em>,\u00a0NOK 1.100.000 per year for 3 years.<\/li>\n<li>Camilla Krakstad,\u00a0<em>Improved treatment based on molecular alterations in endometrial cancer<\/em>,\u00a0NOK 1.100.000 per year for 3 years.\n<ul>\n<li><a href=\"https:\/\/www.uib.no\/med\/78614\/ung-kreftforskar-fekk-s%C3%B8ren-falchs-juniorpris-2014\" target=\"_blank\" rel=\"noopener\">Camilla Krakstad awards S\u00f8ren Falch\u2019s junior prize<\/a><\/li>\n<li><a href=\"https:\/\/www.bt.no\/nyheter\/lokalt\/i\/6qq5o\/Overvektige-har-storre-risiko-for-kreft\" target=\"_blank\" rel=\"noopener\"><strong>BT<\/strong>: Overvektige har st\u00f8rre risiko for kreft (Obese have higher risk for cancer)<\/a><\/li>\n<\/ul>\n<\/li>\n<\/ul>\n<p>Research projects<\/p>\n<ul>\n<li><em>Utilizing the Mother and Child Cohort and the Medical Birth Registry for Better Health. Prosjektleder:\u00a0<a href=\"https:\/\/www.uib.no\/personer\/P%C3%A5l.Rasmus.Nj%C3%B8lstad\" target=\"_blank\" rel=\"noopener\">Professor P\u00e5l Rasmus Nj\u00f8lstad<\/a>, Klinisk institutt 2\/Barneklinikken, Haukeland Universitetssykehus,\u00a0<\/em>NOK 5.000.000\n<ul>\n<li>Project\u00a0<a href=\"https:\/\/www.uib.no\/diabetes\" target=\"_blank\" rel=\"noopener\">web-page at UiB<\/a><\/li>\n<li><a href=\"https:\/\/www.uib.no\/med\/114443\/forsker-p%C3%A5-genfeil-som-gir-diabetes\" target=\"_blank\" rel=\"noopener\">Forsker p\u00e5 genfeil som gir diabetes (Norwegian only)<\/a><\/li>\n<li><a href=\"https:\/\/www.regjeringen.no\/no\/dokumenter\/et-nytt-system-for-enklere-og-sikrere-tilgang-til-helsedata\/id2563907\/\" target=\"_blank\" rel=\"noopener\">Regjeringen.no Et system for enklere og sikrere tilgang til helsedata<\/a><\/li>\n<li>NRK 16.12.2017, kronikk:\u00a0<a href=\"https:\/\/www.nrk.no\/ytring\/blodprover-fra-nyfodte-kan-gi-bedre-behandling-1.13821382\" target=\"_blank\" rel=\"noopener\">Blodpr\u00f8ver fra nyf\u00f8dte kan gi bedre behandling<\/a><\/li>\n<li>Diabetesforbundet, 14.11.2017\u00a0<a href=\"https:\/\/www.diabetes.no\/nyheter\/nyheter-2017\/pal-rasmus-njolstad-vant-forskningsprisen\/\" target=\"_blank\" rel=\"noopener\">P\u00e5l Rasmus Nj\u00f8lstad vant forskningsprisen<\/a><\/li>\n<li>NRK TV,\u00a0<a href=\"https:\/\/tv.nrk.no\/serie\/distriktsnyheter-vestlandsrevyen\/DKHO99091317\/13-09-2017\" target=\"_blank\" rel=\"noopener\">Vestlandsrevyen<\/a>\u00a013.09.2017<\/li>\n<\/ul>\n<\/li>\n<\/ul>\n<\/div>\n<\/section>\n<\/div>\n<\/div>\n<\/div>\n<\/div>\n<\/div>\n<div class=\"wrapper\">\n<div class=\"wrapper_inner\">\n<div class=\"content \">\n<div class=\"content_inner \">\n<div class=\"full_width\">\n<div class=\"full_width_inner\">\n<div class=\"vc_row wpb_row section vc_row-fluid innhold-3 mpc-row\">\n<div class=\" full_section_inner clearfix\">\n<div class=\"wpb_column vc_column_container vc_col-sm-12 mpc-column\" data-column-id=\"mpc_column-7659ce4da3bd10b\">\n<div class=\"vc_column-inner \">\n<div class=\"wpb_wrapper\">\n<div class=\"vc_row wpb_row vc_inner section vc_row-fluid grid_section mpc-row\">\n<div class=\" section_inner clearfix\">\n<div class=\"section_inner_margin clearfix\">\n<div class=\"wpb_column vc_column_container vc_col-sm-8 mpc-column\" data-column-id=\"mpc_column-859ce4da3bb477\">\n<div class=\"vc_column-inner \">\n<div class=\"wpb_wrapper\">\n<div class=\"wpb_text_column wpb_content_element \">\n<div class=\"wpb_wrapper\">\n<div id=\"bodychild\">\n<div id=\"outercontainer\">\n<div id=\"outermain\">\n<div class=\"outercontainer\">\n<div class=\"container\">\n<section id=\"maincontent\" class=\"twelve columns\">\n<div id=\"post-14\" class=\"post-14 page type-page status-publish hentry\">\n<ul>\n<li><em>Functional imaging for individualised cancer treatment.\u00a0<\/em><em>Prosjektleder:\u00a0<a href=\"https:\/\/www.uib.no\/personer\/Ingfrid.S.Haldorsen\" target=\"_blank\" rel=\"noopener\">Professor II Ingfrid S. Haldorsen<\/a>, Klinisk institutt 1\/ Radiologisk avdeling Haukeland Universitetssykehus,\u00a0<\/em>NOK 5.000.000\n<ul>\n<li><strong>UiB.no\u00a0<\/strong>1.10 2021 Dissertation for MD David Forsse\u00a0<strong>\u00a0\u00ab<\/strong><a href=\"https:\/\/www.uib.no\/nye-doktorgrader\/147817\/bedre-behandling-kvinner-med-livmorkreft\" target=\"_blank\" rel=\"noopener\">Novel preoperative bi-omarkers and evaluation of altered treatment strategies to improve outcome for endometrial cancer patients<\/a><strong>\u00bb<\/strong><\/li>\n<li><strong>VGPlussS\u00f8ndag\u00a0<\/strong>24.01.21\u00a0<a href=\"https:\/\/www.vg.no\/forbruker\/helse\/i\/zgMqkO\/forskning-utvikler-ny-behandling-for-livmorkreft\" target=\"_blank\" rel=\"noopener\">Ny behandling for livmorkreft<\/a><\/li>\n<li><strong>UiB.no<\/strong>\u00a07.2.2020 Dissertation Hilde R. Engerud\u00a0<a href=\"https:\/\/www.uib.no\/klin2\/132845\/disputas-hilde-renate-engerud\" target=\"_blank\" rel=\"noopener\">\u201cPersontilpasset behandling av livmorkreft\u201d<\/a><\/li>\n<li><strong>UiB.no\u00a0<\/strong>11.12.2019 Dissertation for MD Sigmund Ytre-Hauge\u00a0<strong>\u00a0\u00ab<\/strong><a href=\"https:\/\/www.uib.no\/k1\/131994\/disputas-sigmund-ytre-hauge\" target=\"_blank\" rel=\"noopener\">Advanced imaging biomarkers in endometrial cancer<\/a><strong>\u00bb.<\/strong><\/li>\n<li><strong>BT.no<\/strong>\u00a022.09.2019\u00a0<a href=\"https:\/\/www.bt.no\/nyheter\/lokalt\/i\/Wbd6WQ\/dagen-etter-kreftoperasjonen-kunne-tordis-dra-hjem-da-var-hun-ferdigb\" target=\"_blank\" rel=\"noopener\">Dagen etter kreftoperasjonen kunne Tordis dra hjem. Da var hun ferdigbehandlet.<\/a><\/li>\n<li><strong>Christiekonferansen<\/strong>\u00a029.04.2019\u00a0<a href=\"https:\/\/www.uib.no\/christiekonferansen\/125131\/program-christiekonferansen-2019-med-streaminglenke\" target=\"_blank\" rel=\"noopener\">Kan vi l\u00e6re datamaskinene \u00e5 finne kreft? Og ville du stolt p\u00e5 resultatene?<\/a><\/li>\n<li><strong>Kreftregisteret.no<\/strong>\u00a009.05 2019 3D-mammografi:\u00a0<a href=\"https:\/\/www.kreftregisteret.no\/Generelt\/Nyheter\/2019\/3d-mammografi-mer-treffsikkert-men-fant-ikke-mer-kreft\/\" target=\"_blank\" rel=\"noopener\">Mer treffsikkert, men fant ikke mer kreft<\/a><\/li>\n<li><strong>Norsk radiologiforening<\/strong>, oktober 2019:\u00a0<a href=\"https:\/\/www.delegia.com\/app\/Data\/ProjectImages\/13888\/PROGRAM_HEFTET-Radiologisk_h_stm_te_2019.pdf\" target=\"_blank\" rel=\"noopener\">Professor Ingfrid Haldorsen utnevnes til \u00e6resmedlem.<\/a><\/li>\n<li><strong>BA.no<\/strong>\u00a021.11.2018\u00a0<a href=\"https:\/\/www.ba.no\/nyheter\/trond-mohn\/haukeland-sykehus\/trond-mohn-hylles-det-er-rorende\/s\/5-8-929474\" target=\"_blank\" rel=\"noopener\">Trond Mohn hylles:- Det er r\u00f8rende<\/a><br \/>\n<strong>BT.no<\/strong>\u00a021.11.2018\u00a0<a href=\"https:\/\/www.bt.no\/nyheter\/lokalt\/i\/VRJkdW\/haukeland-ville-hedre-trond-mohn-med-aa-fortelle-historiene-bak-gavene\" target=\"_blank\" rel=\"noopener\">Haukeland vill hedre Trond Mohn med \u00e5 fortelle historiene bak gavene<\/a><\/li>\n<li><a href=\"https:\/\/www.uib.no\/en\/rg\/abdimaging\" target=\"_blank\" rel=\"noopener\">Abdominal imaging group<\/a><\/li>\n<li><a href=\"https:\/\/www.uib.no\/en\/rg\/gyncancer\" target=\"_blank\" rel=\"noopener\">Bergen Gynecologic Cancer Research Group<\/a><\/li>\n<li><a href=\"https:\/\/www.youtube.com\/watch?v=mPri5rj0_80\" target=\"_blank\" rel=\"noopener\">Interview at Oncolive<\/a><\/li>\n<\/ul>\n<\/li>\n<\/ul>\n<\/div>\n<\/section>\n<\/div>\n<\/div>\n<\/div>\n<\/div>\n<\/div>\n<\/div>\n<\/div>\n<\/div>\n<\/div>\n<\/div>\n<\/div>\n<\/div>\n<\/div>\n<\/div>\n<\/div>\n<\/div>\n<\/div>\n<\/div>\n<\/div>\n<\/div>\n<\/div>\n<\/div>\n<\/div>\n<\/div>\n<div id=\"bodychild\">\n<div id=\"outercontainer\">\n<div id=\"outermain\">\n<div class=\"outercontainer\">\n<div class=\"container\">\n<section id=\"maincontent\" class=\"twelve columns\">\n<div id=\"post-14\" class=\"post-14 page type-page status-publish hentry\">\n<p>2014<\/p>\n<p>Rekrutteringsprogrammet<br \/>\nStiftelsen delte i ut NOK 6.600.000 til f\u00f8lgende unge forskere:<\/p>\n<ul>\n<li><a href=\"https:\/\/www.uib.no\/personer\/Oleksii.Nikolaienko\" target=\"_blank\" rel=\"noopener\">Oleksii Nikolaienko<\/a>,\u00a0<em>Translational neuropsychiatry: Impact of genetic variations in synaptic plasticity-related genes<\/em>,\u00a0<a href=\"https:\/\/www.uib.no\/en\/biomedisin\/80688\/grant-bergen-research-foundation-oleksii-nikolaienko\" target=\"_blank\" rel=\"noopener\">NOK 1.100.000 per year in 3 years.<\/a>\n<ul>\n<li><a href=\"https:\/\/www.medicalnewstoday.com\/articles\/318809.php\" target=\"_blank\" rel=\"noopener\">Altzheimer\u2019s gene plays role in childhood IQ<\/a><\/li>\n<li><a href=\"https:\/\/www.medicalnewstoday.com\/articles\/318809.php\" target=\"_blank\" rel=\"noopener\">Protein involved in Altzheimer\u2019s disease may also be implicated in cognitive abilities<\/a><\/li>\n<li><a href=\"https:\/\/www.iospress.nl\/ios_news\/a-protein-involved-in-alzheimers-disease-may-also-be-implicated-in-cognitive-abilities-in-children\/\" target=\"_blank\" rel=\"noopener\">A protein involved in Alzheimer\u2019s disease may also be implicated in cognitive abilities in children<\/a><\/li>\n<\/ul>\n<\/li>\n<li><a href=\"https:\/\/www.uib.no\/user\/8159\" target=\"_blank\" rel=\"noopener\">Line Merethe Myklebust<\/a>, N-terminal acetyltransferases in cancer \u2013 inhibitor development,\u00a0<a href=\"https:\/\/www.uib.no\/mbi\/80856\/line-merethe-myklebust-f%C3%A5r-st%C3%B8tte-fra-bergens-medisinske-stiftelse\" target=\"_blank\" rel=\"noopener\">NOK 1.100 000 per year in 3 years.<\/a><\/li>\n<\/ul>\n<p>2016<\/p>\n<div id=\"main\">\n<div id=\"cnt\" class=\"big\">\n<div class=\"mw\">\n<div id=\"rcnt\">\n<div class=\"col\">\n<div id=\"center_col\">\n<div id=\"res\" class=\"med\">\n<div id=\"search\" data-jiis=\"uc\" data-jibp=\"h\">\n<div data-ved=\"0ahUKEwjG3Pynx8rWAhVhCpoKHSQhD0gQGggk\">\n<div id=\"ires\" data-async-context=\"query:google%20translate\">\n<div id=\"rso\">\n<div class=\"_NId\">\n<div class=\"g tpo knavi obcontainer mod\" data-hveid=\"37\" data-ved=\"0ahUKEwjG3Pynx8rWAhVhCpoKHSQhD0gQkCkIJSgAMAA\" data-md=\"77\">\n<div data-hveid=\"38\">\n<div id=\"tw-container\" class=\"vk_c\" data-ulf=\"1\" data-uilc=\"no\" data-nnttsvi=\"1\" data-exp=\"1\" data-cp=\"1\">\n<div id=\"uid_0\" class=\"r-iaGnta7b070E xpdbox xpdclose\">\n<div class=\"vk_bk r-igDOOEo25dHw\">\n<div id=\"tw-ob\">\n<div class=\"_Ejb\">\n<div id=\"tw-target\">\n<div id=\"tw-target-text-container\" class=\"tw-ta-container tw-nfl\">\n<p id=\"tw-target-text\" class=\"tw-data-text tw-ta tw-text-small\" dir=\"ltr\" data-placeholder=\"Oversettelse\"><span lang=\"en\">The Foundation has exceptionally provided funding for smaller projects. An example is the book \u201cGlance from the medical history \u2013 seen from Bergen\u201d. The book was written by professors Leiv M Hove, Inge Glamb\u00e6k and Ole Didrik L\u00e6rum, and is a gift for the 70th anniversary of the UiB in 2016. The project was supported by\u00a0<\/span><\/p>\n<\/div>\n<\/div>\n<\/div>\n<\/div>\n<\/div>\n<\/div>\n<\/div>\n<\/div>\n<\/div>\n<\/div>\n<\/div>\n<\/div>\n<\/div>\n<\/div>\n<\/div>\n<\/div>\n<\/div>\n<\/div>\n<\/div>\n<\/div>\n<\/div>\n<\/div>\n<\/section>\n<\/div>\n<\/div>\n<\/div>\n<\/div>\n<\/div>\n<\/div>\n<\/div>\n<div class=\"separator transparent \"><\/div>\n<div class=\"wpb_text_column wpb_content_element \">\n<div class=\"wpb_wrapper\">\n<p>Medical research is still one of the Bergen Research Foundation\u2019s focus areas \u2013 and it is discussed in more detail under the submenus Competence, Infrastructure and Thematic Initiatives.<\/p>\n<\/div>\n<\/div>\n<\/div>\n<\/div>\n<\/div>\n<\/div>\n<\/div>\n<\/div>\n<p>[\/vc_column_text][\/vc_column_inner][vc_column_inner width=&#8221;1\/3&#8243;]<div class=\"infobox light-brown\">\n<div>\n<div>\n<p>The programme in brief:<\/p>\n<\/div>\n<\/div>\n<div>\n<div>\n<p>Project period: 2006-14<\/p>\n<\/div>\n<\/div>\n<\/div>[\/vc_column_inner][\/vc_row_inner][\/vc_column][\/vc_row][vc_row][vc_column]<div class=\"spacer-3ed3c4f3188960fecee6faed144db8791289\" style=\"\"><\/div><style>@media (min-width: 320px) { .spacer-3ed3c4f3188960fecee6faed144db8791289{ height: 30px;}}@media (min-width: 767px) { .spacer-3ed3c4f3188960fecee6faed144db8791289{ height: 30px;}}@media (min-width: 979px) { .spacer-3ed3c4f3188960fecee6faed144db8791289{ height: 60px;}}@media (min-width: 1200px) { .spacer-3ed3c4f3188960fecee6faed144db8791289{ height: 60px;}}<\/style>[\/vc_column][\/vc_row]<\/p>\n<\/div>","protected":false},"excerpt":{"rendered":"<p>[vc_row css=&#8221;.vc_custom_1655252342194{margin-right: 0px !important;margin-left: 0px !important;background-image: url(https:\/\/mohnfoundation.no\/wp-content\/uploads\/2022\/06\/header-ulriken.jpg?id=5318) !important;background-position: center !important;background-repeat: no-repeat !important;background-size: cover !important;}&#8221;][vc_column][\/vc_column][\/vc_row][vc_row el_class=&#8221;article-white&#8221; css=&#8221;.vc_custom_1649538946065{margin-right: 0px !important;margin-left: 0px !important;}&#8221;][vc_column][vc_row_inner css=&#8221;.vc_custom_1650537879673{margin-bottom: -30px !important;}&#8221;][vc_column_inner][\/vc_column_inner][\/vc_row_inner][vc_row_inner][vc_column_inner width=&#8221;2\/3&#8243;][vc_column_text] During the period from 2006 to 2013, the Foundation focused strongly [&#8230;]<\/p>\n<p><a class=\"btn btn-secondary vidiflex-read-more-link\" href=\"https:\/\/mohnfoundation.no\/en\/https-mohnfoundation-no-en-thematic-initiatives-womens-health\/medical-research\/\">Read More&#8230;<\/a><\/p>\n","protected":false},"author":3,"featured_media":0,"parent":8283,"menu_order":0,"comment_status":"closed","ping_status":"closed","template":"","meta":{"_acf_changed":false,"_relevanssi_hide_post":"","_relevanssi_hide_content":"","_relevanssi_pin_for_all":"","_relevanssi_pin_keywords":"","_relevanssi_unpin_keywords":"","_relevanssi_related_keywords":"","_relevanssi_related_include_ids":"","_relevanssi_related_exclude_ids":"","_relevanssi_related_no_append":"","_relevanssi_related_not_related":"","_relevanssi_related_posts":"","_relevanssi_noindex_reason":"","footnotes":""},"class_list":["post-8393","page","type-page","status-publish","hentry"],"acf":[],"publishpress_future_action":{"enabled":false,"date":"2026-04-22 21:41:44","action":"change-status","newStatus":"draft","terms":[],"taxonomy":"translation_priority","extraData":[]},"publishpress_future_workflow_manual_trigger":{"enabledWorkflows":[]},"_links":{"self":[{"href":"https:\/\/mohnfoundation.no\/en\/wp-json\/wp\/v2\/pages\/8393","targetHints":{"allow":["GET"]}}],"collection":[{"href":"https:\/\/mohnfoundation.no\/en\/wp-json\/wp\/v2\/pages"}],"about":[{"href":"https:\/\/mohnfoundation.no\/en\/wp-json\/wp\/v2\/types\/page"}],"author":[{"embeddable":true,"href":"https:\/\/mohnfoundation.no\/en\/wp-json\/wp\/v2\/users\/3"}],"replies":[{"embeddable":true,"href":"https:\/\/mohnfoundation.no\/en\/wp-json\/wp\/v2\/comments?post=8393"}],"version-history":[{"count":3,"href":"https:\/\/mohnfoundation.no\/en\/wp-json\/wp\/v2\/pages\/8393\/revisions"}],"predecessor-version":[{"id":8396,"href":"https:\/\/mohnfoundation.no\/en\/wp-json\/wp\/v2\/pages\/8393\/revisions\/8396"}],"up":[{"embeddable":true,"href":"https:\/\/mohnfoundation.no\/en\/wp-json\/wp\/v2\/pages\/8283"}],"wp:attachment":[{"href":"https:\/\/mohnfoundation.no\/en\/wp-json\/wp\/v2\/media?parent=8393"}],"curies":[{"name":"wp","href":"https:\/\/api.w.org\/{rel}","templated":true}]}}