{"id":8383,"date":"2022-06-15T01:43:04","date_gmt":"2022-06-14T23:43:04","guid":{"rendered":"http:\/\/mohnfoundation.webforslag.com\/thematic-initiatives\/matematikkprogrammet\/"},"modified":"2023-02-22T13:52:00","modified_gmt":"2023-02-22T12:52:00","slug":"the-mathematics-programme","status":"publish","type":"page","link":"https:\/\/mohnfoundation.no\/en\/https-mohnfoundation-no-en-thematic-initiatives-womens-health\/the-mathematics-programme\/","title":{"rendered":"The mathematics programme"},"content":{"rendered":"<div class=\"wpb-content-wrapper\"><p>[vc_row css=&#8221;.vc_custom_1655249933842{margin-right: 0px !important;margin-left: 0px !important;background-image: url(https:\/\/mohnfoundation.no\/wp-content\/uploads\/2022\/04\/header-museet.jpg?id=471) !important;background-position: center !important;background-repeat: no-repeat !important;background-size: cover !important;}&#8221;][vc_column]<div class=\"spacer-5830a5ea62c1f2880975a2ceab4a96be2\" style=\"\"><\/div><style>@media (min-width: 320px) { .spacer-5830a5ea62c1f2880975a2ceab4a96be2{ height: 200px;}}@media (min-width: 767px) { .spacer-5830a5ea62c1f2880975a2ceab4a96be2{ height: 200px;}}@media (min-width: 979px) { .spacer-5830a5ea62c1f2880975a2ceab4a96be2{ height: 400px;}}@media (min-width: 1200px) { .spacer-5830a5ea62c1f2880975a2ceab4a96be2{ height: 400px;}}<\/style>[\/vc_column][\/vc_row][vc_row el_class=&#8221;article-white&#8221; css=&#8221;.vc_custom_1649538946065{margin-right: 0px !important;margin-left: 0px !important;}&#8221;][vc_column][vc_row_inner css=&#8221;.vc_custom_1650537879673{margin-bottom: -30px !important;}&#8221;][vc_column_inner]<div class=\"header left  \"><h1 class=\"font-size-sm\" title=\"The mathematics programme\">The mathematics programme<\/h1><\/div>[\/vc_column_inner][\/vc_row_inner][vc_row_inner][vc_column_inner width=&#8221;2\/3&#8243;][vc_column_text]The programme ia a cooperation between Trond Mohn foundation, Troms\u00f8 research foundation, the University of Bergen, the University of Oslo, Norwegian University of Science and Technology and the University of Troms\u00f8, to contribute to strengthen and developing research in pure mathematics in Norway. The programme tools are strategic recruitment and\u00a0 cooperative support projects.<\/p>\n<div class=\"wpb_text_column wpb_content_element \">\n<div class=\"wpb_wrapper\">\n<p>The mathematics programme consists of two components; cooperative support for researchers in pure mathematics in Norway and a strategic recruitment component to support recruiting one outstandingyoung researcher in pure mathematics at each of the universities in the programme.\u00a0 Both components are based on recommendations from the\u00a0<a href=\"https:\/\/www.forskningsradet.no\/no\/Artikkel\/Evaluering_av_forskning_innenfor_matematiske_fag\/1253964703269\" target=\"_blank\" rel=\"noopener\">evaluation of mathematics in Norway<\/a>\u00a0by the Norwegian Research Council.<\/p>\n<h2>Cooperative support<\/h2>\n<p>This component is designed to strengthen the research in pure mathemetics in Norway through national and international research cooperation, mobility schemes by the activities described below:<\/p>\n<ol>\n<li>Networking and cooperation for Norwegian mathematicians\n<ul>\n<li><a href=\"https:\/\/nmm2022.puremath.no\/\" target=\"_blank\" rel=\"noopener\">Bi-yearly national meeting<\/a><\/li>\n<li>Common seminars and two-days TMS\/TFS colloqviums<\/li>\n<li>National mobility schemes<\/li>\n<li><a href=\"https:\/\/mathshistory.st-andrews.ac.uk\/Biographies\/Stephansen\/\" target=\"_blank\" rel=\"noopener\">The Elisabeth Stephansen<\/a>-lecture was introduces as part of the National Mathematics meeting in Troms\u00f8 2022.<\/li>\n<\/ul>\n<\/li>\n<li>Activities for students\n<ul>\n<li>Courses for PhD-students<\/li>\n<li>Summer-\/winter schools for PhD- and master students<\/li>\n<li>Mobility schemes for PhD-students<\/li>\n<li>Stipends for PhD-students participation at\u00a0 International Congress of Mathematicians or European Congress of Mathematicians<\/li>\n<\/ul>\n<\/li>\n<\/ol>\n<ol>\n<li>International activities and exchange\n<ul>\n<li>Workshops and meetings<\/li>\n<li>TMS\/TFS guest professorships<\/li>\n<li>International mobility schemes<\/li>\n<\/ul>\n<\/li>\n<\/ol>\n<p><a href=\"https:\/\/www.puremath.no\/\" target=\"_blank\" rel=\"noopener\">More information about the activities, calls, courses, committees and reports from meetings, visiting guests, travels etc, can be found on the project web site.\u00a0<\/a><\/p>\n<h3>Recruitment component<\/h3>\n<p>The aim with this component is to give an outstanding young researcher in pure mathematics good terms to build and lead a research group at each of the universities in the program. Program persiod is 4 years with possibilities for a 2 year\u2019s prolongation.<\/p>\n<p>The four young research leaders were selected after an international evaluation of the nominees and their research plans. The following candidates were selected to join the programme:<\/p>\n<ul>\n<li><a href=\"https:\/\/www.uib.no\/en\/persons\/Didier.Jacques.Francois.Pilod\" target=\"_blank\" rel=\"noopener\">Didier Pilod<\/a>, University of Bergen;\u00a0<a href=\"https:\/\/folk.uib.no\/dpi081\/NonlinDisp.html\" target=\"_blank\" rel=\"noopener\">project web page<\/a><\/li>\n<li><a href=\"https:\/\/www.mn.uio.no\/math\/english\/research\/news-and-events\/new-faces\/kristin_shaw.html\" target=\"_blank\" rel=\"noopener\">Kris Shaw<\/a>, University of Oslo;\u00a0<a href=\"https:\/\/www.mn.uio.no\/math\/english\/research\/projects\/acting\/index.html\" target=\"_blank\" rel=\"noopener\">project web page<\/a><\/li>\n<li><a href=\"https:\/\/uit.no\/om\/enhet\/ansatte\/person?p_document_id=506531&amp;p_dimension_id=88140\" target=\"_blank\" rel=\"noopener\">Codian Riener<\/a>, University of Troms\u00f8<\/li>\n<li><a href=\"https:\/\/folk.ntnu.no\/drewkh\/\" target=\"_blank\" rel=\"noopener\">Drew Heard<\/a>, Norwegian University of Science and Technology<\/li>\n<\/ul>\n<\/div>\n<\/div>\n<div class=\"wpb_text_column wpb_content_element \">\n<div class=\"wpb_wrapper\">\n<h4>The programme in media:<\/h4>\n<p><em><strong>UiB 28.04.22<\/strong>\u00a0<a href=\"https:\/\/www.uib.no\/matnat\/153734\/videref%C3%B8rer-satsing-p%C3%A5-matematikkprosjekt\" target=\"_blank\" rel=\"noopener\">Videref\u00f8rer satsing p\u00e5 matematikkprosjekt<\/a><br \/>\n<strong>UiT 20.04.22\u00a0<\/strong><a href=\"https:\/\/uit.no\/nyheter\/artikkel?p_document_id=770969\" target=\"_blank\" rel=\"noopener\">Videref\u00f8rer nasjonalt matematikkprosjekt<\/a><br \/>\n<strong>UiO 20.04.22<\/strong>\u00a0<a href=\"https:\/\/www.mn.uio.no\/math\/forskning\/aktuelt\/aktuelle-saker\/2022\/trond-mohn-fortsetter-satsningen-pa-matematikk.html\" target=\"_blank\" rel=\"noopener\">Trond Mohn fortsetter satsningen p\u00e5 matematik<\/a><br \/>\n<strong>KHRONO 19.04 2022<\/strong>\u00a0<a href=\"https:\/\/khrono.no\/satser-videre-pa-matematikk-og-grunnforskning\/679941\" target=\"_blank\" rel=\"noopener\">Satser videre p\u00e5 mate\u00admatikk og grunn\u00adforskning<\/a><br \/>\n<strong>UiT 5.1.22<\/strong>\u00a0<a href=\"https:\/\/uit.no\/nyheter\/artikkel?p_document_id=759214\" target=\"_blank\" rel=\"noopener\">Unikt samarbeid om ren matematikk<\/a><br \/>\n<strong>Forskning.no 15.05.2021<\/strong>:\u00a0<a href=\"https:\/\/forskning.no\/matematikk-om-forskning-partner\/matematikken-er-viktigere-enn-man-tror\/1855250\" target=\"_blank\" rel=\"noopener\">Matematikken er viktigere enn man tror<\/a><\/em><\/p>\n<p><em><a href=\"https:\/\/sites.google.com\/view\/norpde-2022\/start?authuser=0\" target=\"_blank\" rel=\"noopener\">NorPDE 2022 2nd Norwegian meeting on PDEs, Bergen June 8-10, 2022<\/a><\/em><br \/>\n<a href=\"https:\/\/titan.uio.no\/node\/3229\" target=\"_blank\" rel=\"noopener\"><em><strong>Universitetet i Oslo, 14.03,2019<\/strong>,\u00a0<\/em>2+5=5 og 2\u00d75=7<\/a><br \/>\n<em><a href=\"https:\/\/matematikkforeningen.files.wordpress.com\/2018\/09\/1809.pdf\" target=\"_blank\" rel=\"noopener\"><strong>Infomat<\/strong>, September 2018-utgaven, Norsk matematikkforenings Nyhetsbrev.<\/a><\/em><br \/>\n<em><a href=\"https:\/\/mohnfoundation.no\/wp-content\/uploads\/2018\/09\/matte.pdf\"><strong>Bergensavisen 14.09.2018<\/strong>\u00a0F\u00f8r kj\u00f8pte Trond Mohn fotballspillere: N\u00e5 kj\u00f8per han matte-genier<\/a><br \/>\n<\/em><em><a href=\"https:\/\/www.nordlys.no\/nyheter\/uit\/tromso\/kjent-forsker-til-uit\/s\/5-34-957840\" target=\"_blank\" rel=\"noopener\"><strong>Nordlys 13.09.2018<\/strong>\u00a0Kjent forsker til UiT\u00a0<\/a><br \/>\n<\/em><em><a href=\"https:\/\/uit.no\/nyheter\/artikkel?p_document_id=592996&amp;p_dim=88205\" target=\"_blank\" rel=\"noopener\"><strong>Universitetet i Troms\u00f8 14.09.2018<\/strong>\u00a0Fremragende matematikk-forsker til Troms\u00f8<\/a><br \/>\n<\/em><em><a href=\"https:\/\/www.uib.no\/math\/120236\/henter-fire-fremragende-matematikk-forskere-til-norge\" target=\"_blank\" rel=\"noopener\"><strong>Universitetet i Bergen 13.09.2018<\/strong>\u00a0Henter fire fremragende matematikkforskere til Norge<\/a><br \/>\n<\/em><em><a href=\"https:\/\/www.uib.no\/matnat\/119812\/nasjonalt-program-skal-l%C3%B8fte-matematikkfaget\" target=\"_blank\" rel=\"noopener\"><strong>Universitetet i Bergen 03.09.2018<\/strong>\u00a0Nasjonalt program skal l\u00f8fte matematikkfaget<\/a><br \/>\n<\/em><em><a href=\"https:\/\/titan.uio.no\/node\/3041\" target=\"_blank\" rel=\"noopener\"><strong>Universitetet i Oslo<\/strong>\u00a0Fremragende matematikk-forsker til UiO<\/a><br \/>\n<\/em><em><a href=\"https:\/\/www.universitetsavisa.no\/forskning\/2018\/09\/25\/Fremragende-matematikk-forsker-til-NTNU-75506.ece\" target=\"_blank\" rel=\"noopener\"><strong>Universitetsavisa.no 25.09.2018<\/strong>\u00a0Fremragende forsker til NTNU<\/a><\/em><\/p>\n<\/div>\n<\/div>\n<p>[\/vc_column_text][\/vc_column_inner][vc_column_inner width=&#8221;1\/3&#8243;]<div class=\"infobox light-brown\">\n<div class=\"wpb_text_column wpb_content_element \">\n<div class=\"wpb_wrapper\">\n<p>The mathematics programme in short<\/p>\n<\/div>\n<\/div>\n<div class=\"wpb_text_column wpb_content_element \">\n<div class=\"wpb_wrapper\">\n<p>Start-up: 2018<br \/>\nPeriod: 4 years + 2 \u00e5r<\/p>\n<p>Cooperative support<br \/>\nProject leader: Gunnar Fl\u00f8ystad, UiB<br \/>\n<a href=\"https:\/\/www.puremath.no\/\" target=\"_blank\" rel=\"noopener\">Project web page<\/a><br \/>\nTotal budget: 30,4 MNOK + 18,8 MNOK<\/p>\n<ul>\n<li>TMS-support: 11,6 MNOK + 6 MNOK<\/li>\n<li>TFS-support: 3,1 MNOK + 2MNOK<\/li>\n<li>UiB, UiO, NTNU, UiT: 15,7 MNOK + 10,8 MNOK<\/li>\n<\/ul>\n<p>Recruitment component<\/p>\n<p>Project leader:\u00a0<a href=\"https:\/\/sites.google.com\/view\/didierpilod\/home\" target=\"_blank\" rel=\"noopener\">Didier Pilod<\/a>, UiB<br \/>\n<a href=\"https:\/\/sites.google.com\/view\/tms-nondispeq\/accueil\" target=\"_blank\" rel=\"noopener\">Project web page<\/a><br \/>\nTMS-support: 7,8 MNOK + 3,9 MNOK<br \/>\nUiB- support: 10 MNOK + 4,9 MNOK<\/p>\n<p>Project leader:\u00a0<a href=\"https:\/\/www.mn.uio.no\/math\/english\/people\/aca\/krisshaw\/\" target=\"_blank\" rel=\"noopener\">Kris Shaw<\/a>, UiO<br \/>\n<a href=\"https:\/\/www.mn.uio.no\/math\/english\/research\/projects\/acting\/index.html\" target=\"_blank\" rel=\"noopener\">Project web page<\/a><br \/>\nTMS-support: 8 MNOK + 4 MNOK<br \/>\nUiO \u2013 support: 9 MNOK + 4,3 MNOK<\/p>\n<p>Project leader:\u00a0<a href=\"https:\/\/folk.ntnu.no\/drewkh\/\" target=\"_blank\" rel=\"noopener\">Drew Heard<\/a>, NTNU<br \/>\n<a href=\"https:\/\/folk.ntnu.no\/drewkh\/tt.html\" target=\"_blank\" rel=\"noopener\">Prosjektets nettside<\/a><br \/>\nTMS \u2013 support: 6,7 MNOK<br \/>\nNTNU \u2013 support: 11,5 MNOK<\/p>\n<p>Project leader:\u00a0<a href=\"https:\/\/en.uit.no\/ansatte\/person?p_document_id=506531\" target=\"_blank\" rel=\"noopener\">Cordian Riener<\/a>, UiT<br \/>\nTFS-support: 6,4 MNOK + 4 MNOK<br \/>\nUiT \u2013 support: 6,6 MNOK + 3,5 MNOK<\/p>\n<\/div>\n<\/div>\n<\/div>[\/vc_column_inner][\/vc_row_inner][\/vc_column][\/vc_row][vc_row][vc_column]<div class=\"spacer-3ed3c4f3188960fecee6faed144db8791289\" style=\"\"><\/div><style>@media (min-width: 320px) { .spacer-3ed3c4f3188960fecee6faed144db8791289{ height: 30px;}}@media (min-width: 767px) { .spacer-3ed3c4f3188960fecee6faed144db8791289{ height: 30px;}}@media (min-width: 979px) { .spacer-3ed3c4f3188960fecee6faed144db8791289{ height: 60px;}}@media (min-width: 1200px) { .spacer-3ed3c4f3188960fecee6faed144db8791289{ height: 60px;}}<\/style>[\/vc_column][\/vc_row]<\/p>\n<\/div>","protected":false},"excerpt":{"rendered":"<p>[vc_row css=&#8221;.vc_custom_1655249933842{margin-right: 0px !important;margin-left: 0px !important;background-image: url(https:\/\/mohnfoundation.no\/wp-content\/uploads\/2022\/04\/header-museet.jpg?id=471) !important;background-position: center !important;background-repeat: no-repeat !important;background-size: cover !important;}&#8221;][vc_column][\/vc_column][\/vc_row][vc_row el_class=&#8221;article-white&#8221; css=&#8221;.vc_custom_1649538946065{margin-right: 0px !important;margin-left: 0px !important;}&#8221;][vc_column][vc_row_inner css=&#8221;.vc_custom_1650537879673{margin-bottom: -30px !important;}&#8221;][vc_column_inner][\/vc_column_inner][\/vc_row_inner][vc_row_inner][vc_column_inner width=&#8221;2\/3&#8243;][vc_column_text]The programme ia a cooperation between Trond Mohn foundation, Troms\u00f8 research foundation, [&#8230;]<\/p>\n<p><a class=\"btn btn-secondary vidiflex-read-more-link\" href=\"https:\/\/mohnfoundation.no\/en\/https-mohnfoundation-no-en-thematic-initiatives-womens-health\/the-mathematics-programme\/\">Read More&#8230;<\/a><\/p>\n","protected":false},"author":3,"featured_media":0,"parent":8283,"menu_order":0,"comment_status":"closed","ping_status":"closed","template":"","meta":{"_acf_changed":false,"_relevanssi_hide_post":"","_relevanssi_hide_content":"","_relevanssi_pin_for_all":"","_relevanssi_pin_keywords":"","_relevanssi_unpin_keywords":"","_relevanssi_related_keywords":"","_relevanssi_related_include_ids":"","_relevanssi_related_exclude_ids":"","_relevanssi_related_no_append":"","_relevanssi_related_not_related":"","_relevanssi_related_posts":"","_relevanssi_noindex_reason":"","footnotes":""},"class_list":["post-8383","page","type-page","status-publish","hentry"],"acf":[],"publishpress_future_action":{"enabled":false,"date":"2026-04-22 21:42:32","action":"change-status","newStatus":"draft","terms":[],"taxonomy":"translation_priority","extraData":[]},"publishpress_future_workflow_manual_trigger":{"enabledWorkflows":[]},"_links":{"self":[{"href":"https:\/\/mohnfoundation.no\/en\/wp-json\/wp\/v2\/pages\/8383","targetHints":{"allow":["GET"]}}],"collection":[{"href":"https:\/\/mohnfoundation.no\/en\/wp-json\/wp\/v2\/pages"}],"about":[{"href":"https:\/\/mohnfoundation.no\/en\/wp-json\/wp\/v2\/types\/page"}],"author":[{"embeddable":true,"href":"https:\/\/mohnfoundation.no\/en\/wp-json\/wp\/v2\/users\/3"}],"replies":[{"embeddable":true,"href":"https:\/\/mohnfoundation.no\/en\/wp-json\/wp\/v2\/comments?post=8383"}],"version-history":[{"count":7,"href":"https:\/\/mohnfoundation.no\/en\/wp-json\/wp\/v2\/pages\/8383\/revisions"}],"predecessor-version":[{"id":9896,"href":"https:\/\/mohnfoundation.no\/en\/wp-json\/wp\/v2\/pages\/8383\/revisions\/9896"}],"up":[{"embeddable":true,"href":"https:\/\/mohnfoundation.no\/en\/wp-json\/wp\/v2\/pages\/8283"}],"wp:attachment":[{"href":"https:\/\/mohnfoundation.no\/en\/wp-json\/wp\/v2\/media?parent=8383"}],"curies":[{"name":"wp","href":"https:\/\/api.w.org\/{rel}","templated":true}]}}