{"id":8367,"date":"2022-06-15T08:28:40","date_gmt":"2022-06-15T06:28:40","guid":{"rendered":"http:\/\/mohnfoundation.webforslag.com\/thematic-initiatives\/ernaeringsforskning\/"},"modified":"2022-07-25T21:40:57","modified_gmt":"2022-07-25T19:40:57","slug":"nutrition-research","status":"publish","type":"page","link":"https:\/\/mohnfoundation.no\/en\/https-mohnfoundation-no-en-thematic-initiatives-womens-health\/nutrition-research\/","title":{"rendered":"Nutrition research"},"content":{"rendered":"<div class=\"wpb-content-wrapper\"><p>[vc_row css=&#8221;.vc_custom_1655248310273{margin-right: 0px !important;margin-left: 0px !important;background-image: url(https:\/\/mohnfoundation.no\/wp-content\/uploads\/2022\/05\/bergensbilde1100x450.jpg?id=5084) !important;background-position: center !important;background-repeat: no-repeat !important;background-size: cover !important;}&#8221;][vc_column]<div class=\"spacer-5830a5ea62c1f2880975a2ceab4a96be2\" style=\"\"><\/div><style>@media (min-width: 320px) { .spacer-5830a5ea62c1f2880975a2ceab4a96be2{ height: 200px;}}@media (min-width: 767px) { .spacer-5830a5ea62c1f2880975a2ceab4a96be2{ height: 200px;}}@media (min-width: 979px) { .spacer-5830a5ea62c1f2880975a2ceab4a96be2{ height: 400px;}}@media (min-width: 1200px) { .spacer-5830a5ea62c1f2880975a2ceab4a96be2{ height: 400px;}}<\/style>[\/vc_column][\/vc_row][vc_row el_class=&#8221;article-white&#8221; css=&#8221;.vc_custom_1649538946065{margin-right: 0px !important;margin-left: 0px !important;}&#8221;][vc_column][vc_row_inner css=&#8221;.vc_custom_1650537879673{margin-bottom: -30px !important;}&#8221;][vc_column_inner]<div class=\"header left  \"><h1 class=\"font-size-sm\" title=\"Nutrition research\">Nutrition research<\/h1><\/div>[\/vc_column_inner][\/vc_row_inner][vc_row_inner][vc_column_inner width=&#8221;2\/3&#8243;][vc_column_text]Since 2011, the Bergen Research Foundation has supported a major initiative in the field of clinical nutrition research in Bergen.<\/p>\n<h2>Mohn Nutrition Research Laboratory<\/h2>\n<p>As an extension of the programme, the University of Bergen has established a\u00a0<a href=\"https:\/\/www.uib.no\/ernaring\" target=\"_blank\" rel=\"noopener\">Centre for Nutrition<\/a>. The ambition is for the centre to promote nutrition research through multidisciplinary and interdisciplinary cooperation between researchers, units and institutions.<\/p>\n<div class=\"content-main-wrapper\">\n<div class=\"region region-content\">\n<div id=\"block-system-main\" class=\"block block-system\">\n<div class=\"content\">\n<div id=\"node-120713\" class=\"node node-uib-article clearfix\">\n<div class=\"content\">\n<div class=\"field field-name-field-uib-text field-type-text-long field-label-hidden field-wrapper\">\n<div class=\"field-items\">\n<div class=\"field-item odd\">\n<p>The Mohn Nutrition Research lab will mainly focus on three areas:<\/p>\n<ul>\n<li>An Epidemiological section, based on collection of data and biobank samples from several studies, led by Professor Ottar Nyg\u00e5rd, Department of Clinical Science.<\/li>\n<li>A Laboratory section, which will focus on the mechanisms associated with obesity and malnutrition, led by Professor Gunnar Mellgren.<\/li>\n<li>A Clinical section, where dietary intervention studies will be conducted, led by Professor Jutta Dierkes.<\/li>\n<\/ul>\n<h3>The project in the media (in Norwegian):<\/h3>\n<p><a href=\"https:\/\/www.aftenposten.no\/sport\/sprek\/i\/OQd52q\/velge-det-sunneste-broedet-tre-ting-er-viktig-aa-se-etter-ifoelge-forsk\" target=\"_blank\" rel=\"noopener\"><strong>Aftenposten<\/strong>\u00a006.04.21:Velge det sunneste br\u00f8det? Tre ting er viktig \u00e5 se etter, if\u00f8lge forsker.<\/a><br \/>\n<a href=\"https:\/\/www.nrk.no\/trondelag\/ny-studie-fra-uib_-kartla-overvektige-folk-sine-matvaner-_-en-gruppe-skilte-seg-ut-1.15617134\" target=\"_blank\" rel=\"noopener\"><strong>NRK<\/strong>\u00a031.08.21; Kartla overvektiges matvaner \u2013 \u00e9n gruppe skilte seg spesielt ut<\/a><br \/>\n<strong>A<a href=\"https:\/\/www.aftenposten.no\/sport\/sprek\/i\/8QOpAr\/stor-test-av-15-broed-fire-av-dem-skiller-seg-ut\" target=\"_blank\" rel=\"noopener\">ftenposten<\/a><\/strong>\u00a0<a href=\"https:\/\/www.aftenposten.no\/sport\/sprek\/i\/8QOpAr\/stor-test-av-15-broed-fire-av-dem-skiller-seg-ut\" target=\"_blank\" rel=\"noopener\">27.10.21: Stor test av 15 br\u00f8d: \u2013 Fire av dem skiller seg ut<\/a><br \/>\n<a href=\"https:\/\/forskning.no\/diabetes-forebyggende-helse-medisin\/ny-test-kan-avslore-diabetes\/1769542\" target=\"_blank\" rel=\"noopener\"><strong>Forskning.no<\/strong>\u00a014.11.2020: Ny test kan avsl\u00f8re diabetes<\/a><br \/>\n<a href=\"https:\/\/www.uib.no\/nye-doktorgrader\/141035\/nye-prosessar-i-feittceller-ved-fedme-og-type-2-diabetes\" target=\"_blank\" rel=\"noopener\"><strong>UiB<\/strong>\u00a09.12.2020: Nye prosessar i feittceller ved fedme og type 2 diabetes<\/a><br \/>\n<a href=\"https:\/\/www.klikk.no\/helse\/kosthold\/sotsug-slik-demper-du-sotsuget-pa-en-enkel-mate-6822912\" target=\"_blank\" rel=\"noopener\"><strong>Klikk.no<\/strong>: 26.09.2019: Gj\u00f8r disse fire grepene for \u00e5 slippe unna s\u00f8tsuget<\/a><br \/>\n<a href=\"https:\/\/www.litthusbergen.no\/program\/2019\/09\/barnemat-hva-er-best\/\" target=\"_blank\" rel=\"noopener\"><strong>Litteraturhuset i Bergen<\/strong>\u00a005.09.2019 Barnemat \u2013 hva er best?<\/a><br \/>\n<a href=\"https:\/\/forskning.no\/mat-overvekt-partner\/fedmeepidemien-kanskje-er-det-ikke-kaloriene-som-er-viktig-men-heller-kvaliteten-pa-maten\/1340943\" target=\"_blank\" rel=\"noopener\"><strong>Forskning.no<\/strong>: 02.06.209: Fedmeepidemien: Kanskje er det ikke kaloriene som er viktig, men heller kvaliteten p\u00e5 maten?<\/a><br \/>\n<a href=\"https:\/\/www.uib.no\/samfunnsutfordringer\/127143\/det-er-ikke-ett-fett-hva-du-spiser\" target=\"_blank\" rel=\"noopener\"><strong>UiB,Globalse samfunnsutfordringer<\/strong>\u00a018.05.2019: Det er ikke ett fett hva du spiser.<\/a><br \/>\n<a href=\"https:\/\/www.etikkom.no\/Aktuelt\/Fagbladet-Forskningsetikk\/arkiv\/2019\/2019-1\/forskning-blir-markedsforing-for-superfoods\/\" target=\"_blank\" rel=\"noopener\"><strong>Fagbladet for forskningsetikk<\/strong>, 25.03.2019: Forskning blir markedsf\u00f8ring for \u201csuperfoods\u201d\u00a0<\/a>(also published in\u00a0<a href=\"https:\/\/videnskab.dk\/kultur-samfund\/ernaeringsforsker-forskning-til-markedsfoering-af-superfoods-er-styret-af-penge\" target=\"_blank\" rel=\"noopener\">Videnskap.no<\/a>)<br \/>\n<a href=\"https:\/\/www.ba.no\/debatt\/debatt\/meninger\/det-gar-seg-til-med-sunn-kvardagskost\/o\/5-8-963005\" target=\"_blank\" rel=\"noopener\"><strong>BA<\/strong>: 14.01.2019: Det g\u00e5r seg til med sunn kvardagskos<\/a>t<br \/>\n<a href=\"https:\/\/www.bt.no\/nyheter\/lokalt\/i\/L0GW2R\/Gir-28-Mohn-millioner-til-fedmeforskning\" target=\"_blank\" rel=\"noopener\"><strong>BT:<\/strong>\u00a019.052018: Gir 28 Mohn-millioner til fedmeforskning<\/a>\u00a0(abonnement)<\/p>\n<p>Research programme for clinical nutrition research<\/p>\n<p>The programme, which came about thanks to an earmarked donation from Trond Mohn, covered five main topics in nutrition research:<\/p>\n<p>Malnutrition<br \/>\nNutrition-related digestive diseases<br \/>\nNutrition and metabolic disorders<br \/>\nObesity<br \/>\nClinical and experimental studies<br \/>\nThe Faculty of Medicine and Haukeland University Hospital regard the initiative as being important to the development of clinical nutrition research in Bergen. The Faculty writes the following in its report to the Foundation:<\/p>\n<p>\u2018The initiative has been very important to the development phase of nutrition science at the Faculty of Medicine and Dentistry and at Haukeland University Hospital. A total of 109 scientific articles have been published, including some in the top medical and nutrition journals (N. Engl. J. Med., Cell, and Am. J. Clin. Nutr). A total of 15 PhD candidates have been affiliated with the projects, and the researchers have helped to teach and supervise bachelor\u2019s and master\u2019s degree students. The initiative has also played an important role in securing other external research funding from e.g. the Research Council of Norway, the Western Norway Regional Health Authority and the Kristian Gerhard Jebsen Foundation.\u2019<\/p>\n<div class=\"wpb_text_column wpb_content_element \">\n<div class=\"wpb_wrapper\">\n<p>As an extension of the programme, the University of Bergen has established a\u00a0<a href=\"https:\/\/www.uib.no\/ernaring\" target=\"_blank\" rel=\"noopener\">Centre for Nutrition<\/a>. The ambition is for the centre to promote nutrition research through multidisciplinary and interdisciplinary cooperation between researchers, units and institutions.<\/p>\n<p>From the Centre for Nutrition\u2019s website: \u2018Nutrition is an important field in clinical medicine, both in research, education and clinical practice. Research will be the main focus. Education is already taken care of through the program committees, but the centre will also support education and communication. The centre is connected to a network of research groups and researchers with relevant activities in Western Norway, both in and outside of UiB.\u2019<\/p>\n<\/div>\n<\/div>\n<\/div>\n<\/div>\n<\/div>\n<\/div>\n<\/div>\n<\/div>\n<\/div>\n<\/div>\n<\/div>\n<p>[\/vc_column_text][\/vc_column_inner][vc_column_inner width=&#8221;1\/3&#8243;]<div class=\"infobox light-brown\">\n<div class=\"wpb_text_column wpb_content_element \">\n<div class=\"wpb_wrapper\">\n<p>The donation in brief:<\/p>\n<\/div>\n<\/div>\n<div class=\"wpb_text_column wpb_content_element \">\n<div class=\"wpb_wrapper\">\n<p>Project period: 2018 \u2013 2023<br \/>\nHost institution: University of Bergen<br \/>\nPI: Professor Jutta Dierkes<br \/>\nDonation: 28,65 MNOK<\/p>\n<p><a href=\"https:\/\/www.uib.no\/en\/mohn-nutrition\" target=\"_blank\" rel=\"noopener\">Read more<\/a><\/p>\n<\/div>\n<\/div>\n<\/div><div class=\"infobox light-brown\">\n<div class=\"wpb_text_column wpb_content_element \">\n<div class=\"wpb_wrapper\"><\/div>\n<\/div>\n<div class=\"wpb_text_column wpb_content_element \">\n<div class=\"wpb_wrapper\">\n<div class=\"wpb_text_column wpb_content_element \">\n<div class=\"wpb_wrapper\">\n<p>The donation in brief:<\/p>\n<\/div>\n<\/div>\n<div class=\"wpb_text_column wpb_content_element \">\n<div class=\"wpb_wrapper\">\n<p>Project period: 2012 \u2013 2015<br \/>\nEarmarked donation from\u00a0Trond Mohn: 16 MNOK<br \/>\nHost institution: University of Bergen<\/p>\n<\/div>\n<\/div>\n<p><a href=\"https:\/\/www.uib.no\/med\/68680\/frank-mohn-stiftinga-gjev-millionar-til-ern%C3%A6ringsforsking\" target=\"_blank\" rel=\"noopener\">Read more<\/a><\/p>\n<\/div>\n<\/div>\n<\/div>[\/vc_column_inner][\/vc_row_inner][\/vc_column][\/vc_row][vc_row][vc_column]<div class=\"spacer-3ed3c4f3188960fecee6faed144db8791289\" style=\"\"><\/div><style>@media (min-width: 320px) { .spacer-3ed3c4f3188960fecee6faed144db8791289{ height: 30px;}}@media (min-width: 767px) { .spacer-3ed3c4f3188960fecee6faed144db8791289{ height: 30px;}}@media (min-width: 979px) { .spacer-3ed3c4f3188960fecee6faed144db8791289{ height: 60px;}}@media (min-width: 1200px) { .spacer-3ed3c4f3188960fecee6faed144db8791289{ height: 60px;}}<\/style>[\/vc_column][\/vc_row]<\/p>\n<\/div>","protected":false},"excerpt":{"rendered":"<p>[vc_row css=&#8221;.vc_custom_1655248310273{margin-right: 0px !important;margin-left: 0px !important;background-image: url(https:\/\/mohnfoundation.no\/wp-content\/uploads\/2022\/05\/bergensbilde1100x450.jpg?id=5084) !important;background-position: center !important;background-repeat: no-repeat !important;background-size: cover !important;}&#8221;][vc_column][\/vc_column][\/vc_row][vc_row el_class=&#8221;article-white&#8221; css=&#8221;.vc_custom_1649538946065{margin-right: 0px !important;margin-left: 0px !important;}&#8221;][vc_column][vc_row_inner css=&#8221;.vc_custom_1650537879673{margin-bottom: -30px !important;}&#8221;][vc_column_inner][\/vc_column_inner][\/vc_row_inner][vc_row_inner][vc_column_inner width=&#8221;2\/3&#8243;][vc_column_text]Since 2011, the Bergen Research Foundation has supported a major initiative in [&#8230;]<\/p>\n<p><a class=\"btn btn-secondary vidiflex-read-more-link\" href=\"https:\/\/mohnfoundation.no\/en\/https-mohnfoundation-no-en-thematic-initiatives-womens-health\/nutrition-research\/\">Read More&#8230;<\/a><\/p>\n","protected":false},"author":3,"featured_media":0,"parent":8283,"menu_order":0,"comment_status":"closed","ping_status":"closed","template":"","meta":{"_acf_changed":false,"_relevanssi_hide_post":"","_relevanssi_hide_content":"","_relevanssi_pin_for_all":"","_relevanssi_pin_keywords":"","_relevanssi_unpin_keywords":"","_relevanssi_related_keywords":"","_relevanssi_related_include_ids":"","_relevanssi_related_exclude_ids":"","_relevanssi_related_no_append":"","_relevanssi_related_not_related":"","_relevanssi_related_posts":"","_relevanssi_noindex_reason":"","footnotes":""},"class_list":["post-8367","page","type-page","status-publish","hentry"],"acf":[],"publishpress_future_action":{"enabled":false,"date":"2026-04-22 21:45:53","action":"change-status","newStatus":"draft","terms":[],"taxonomy":"translation_priority","extraData":[]},"publishpress_future_workflow_manual_trigger":{"enabledWorkflows":[]},"_links":{"self":[{"href":"https:\/\/mohnfoundation.no\/en\/wp-json\/wp\/v2\/pages\/8367","targetHints":{"allow":["GET"]}}],"collection":[{"href":"https:\/\/mohnfoundation.no\/en\/wp-json\/wp\/v2\/pages"}],"about":[{"href":"https:\/\/mohnfoundation.no\/en\/wp-json\/wp\/v2\/types\/page"}],"author":[{"embeddable":true,"href":"https:\/\/mohnfoundation.no\/en\/wp-json\/wp\/v2\/users\/3"}],"replies":[{"embeddable":true,"href":"https:\/\/mohnfoundation.no\/en\/wp-json\/wp\/v2\/comments?post=8367"}],"version-history":[{"count":3,"href":"https:\/\/mohnfoundation.no\/en\/wp-json\/wp\/v2\/pages\/8367\/revisions"}],"predecessor-version":[{"id":8370,"href":"https:\/\/mohnfoundation.no\/en\/wp-json\/wp\/v2\/pages\/8367\/revisions\/8370"}],"up":[{"embeddable":true,"href":"https:\/\/mohnfoundation.no\/en\/wp-json\/wp\/v2\/pages\/8283"}],"wp:attachment":[{"href":"https:\/\/mohnfoundation.no\/en\/wp-json\/wp\/v2\/media?parent=8367"}],"curies":[{"name":"wp","href":"https:\/\/api.w.org\/{rel}","templated":true}]}}