{"id":8352,"date":"2022-05-13T17:58:00","date_gmt":"2022-05-13T15:58:00","guid":{"rendered":"http:\/\/mohnfoundation.webforslag.com\/thematic-initiatives\/klimaforskning\/"},"modified":"2024-01-04T12:43:39","modified_gmt":"2024-01-04T11:43:39","slug":"climate-research","status":"publish","type":"page","link":"https:\/\/mohnfoundation.no\/en\/https-mohnfoundation-no-en-thematic-initiatives-womens-health\/climate-research\/","title":{"rendered":"Climate Research"},"content":{"rendered":"<div class=\"wpb-content-wrapper\"><p>[vc_row css=&#8221;.vc_custom_1652457463323{margin-right: 0px !important;margin-left: 0px !important;background-image: url(https:\/\/mohnfoundation.no\/wp-content\/uploads\/2022\/05\/isfjell-i-solnedgang-foto-Iselin-Medhaug-e1537527671642-1.jpg?id=5078) !important;background-position: center !important;background-repeat: no-repeat !important;background-size: cover !important;}&#8221;][vc_column]<div class=\"spacer-5830a5ea62c1f2880975a2ceab4a96be2\" style=\"\"><\/div><style>@media (min-width: 320px) { .spacer-5830a5ea62c1f2880975a2ceab4a96be2{ height: 200px;}}@media (min-width: 767px) { .spacer-5830a5ea62c1f2880975a2ceab4a96be2{ height: 200px;}}@media (min-width: 979px) { .spacer-5830a5ea62c1f2880975a2ceab4a96be2{ height: 400px;}}@media (min-width: 1200px) { .spacer-5830a5ea62c1f2880975a2ceab4a96be2{ height: 400px;}}<\/style>[\/vc_column][\/vc_row][vc_row el_class=&#8221;article-white&#8221; css=&#8221;.vc_custom_1649538946065{margin-right: 0px !important;margin-left: 0px !important;}&#8221;][vc_column][vc_column_text]Photo: Iselin Medhaug[\/vc_column_text][vc_row_inner css=&#8221;.vc_custom_1650537879673{margin-bottom: -30px !important;}&#8221;][vc_column_inner]<div class=\"header left  \"><h1 class=\"font-size-sm\" title=\"Climate Research\">Climate Research<\/h1><\/div>[\/vc_column_inner][\/vc_row_inner][vc_row_inner][vc_column_inner width=&#8221;2\/3&#8243;][vc_column_text]The Trond Mohn Foundation wishes to contribute to increase the knowledge about climate, the causes of climate change and the development of people\u2019s opinions and attitudes to this knowledge. TMS has already contributed to this theme for several years, for example climate-related TMS Starting Grants (see below) and to DIGSSCORE at the University of Bergen.<br \/>\nThe newest initiative is the establishment of Bjerknes Climate Prediction Unit, in collaboration with the University of Bergen and the Bjerknes center.<\/p>\n<p>Bjerknes Climate Prediction Unit\u00a0aims to increase the precision of climate predictions to a level where this can be of benefit to society. The unit will focus on climate predictions for the Atlantic Ocean to the Arctic and surrounding land areas. The time span for such predictions will be from a season (3 months) to a 10-year period. In particular, the program aims at notifying marine areas that are important for fisheries and shipping, as well as conditions relevant to power generation, the insurance industry and society in general.<\/p>\n<p>Bjerknes Climate Prediction Unit aims to become world leading in this field.<\/p>\n<h2>Other Climate Related Projects<\/h2>\n<p>TMS Starting Grant <a href=\"https:\/\/mohnfoundation.no\/rekrutteringsprogrammet\/anna-nele-meckler\/?lang=en\">Nele Meckler<\/a><\/p>\n<p>TMS Starting Grant <a href=\"https:\/\/mohnfoundation.no\/en\/prosjekt\/willem-van-der-bilt\/\">Willem van der Bilt<\/a><\/p>\n<p>TMS Starting Grant <a href=\"https:\/\/mohnfoundation.no\/en\/prosjekt\/suzette-flantua\/\">Suzette Flantua<\/a><\/p>\n<p>TMS Starting Grant <a href=\"https:\/\/mohnfoundation.no\/rekrutteringsprogrammet\/bjarte-hannisdal\/?lang=en\">Bjarte Hannisdal<\/a><br \/>\nTMS Starting Grant <a href=\"https:\/\/mohnfoundation.no\/rekrutteringsprogrammet\/kjetil-vage\/?lang=en\">Kjetil V\u00e5ge<\/a><br \/>\nTMS Starting Grant <a href=\"https:\/\/mohnfoundation.no\/rekrutteringsprogrammet\/andreas-born\/?lang=en\">Andreas Born<\/a><br \/>\nTMS Starting Grant <a href=\"https:\/\/mohnfoundation.no\/rekrutteringsprogrammet\/havard-haarstad\/?lang=en\">H\u00e5vard Haarstad<\/a><br \/>\nDigital Social Science\u00a0Core Facility\u00a0<a href=\"https:\/\/digsscore.uib.no\/home\" target=\"_blank\" rel=\"noopener\">DIGSSCORE\u00a0<\/a>[\/vc_column_text][vc_video link=&#8221;https:\/\/vimeo.com\/320496228&#8243;][vc_column_text]<\/p>\n<h2>Div articles in media<\/h2>\n<p>Articles announcing the opening of\u00a0\u00a0<em>Bjerknes Climate Prediction Unit<\/em>\u00a0 November 11 2018.<\/p>\n<p><strong>Yr.no<\/strong>\u00a013.11.2018\u00a0<a href=\"https:\/\/www.yr.no\/artikkel\/vil-lage-yr-for-klimavarsel-1.14290314\" target=\"_blank\" rel=\"noopener\">Snart kan du sjekke klimaet \u00e5r fram i tid \u2013 slik du sjekkar v\u00earet for neste dag<\/a><br \/>\n<strong>BT.no<\/strong>\u00a012.11.208\u00a0<a href=\"https:\/\/www.bt.no\/nyheter\/lokalt\/i\/QlzGnx\/vil-gi-deg-svar-paa-om-det-blir-kalde-eller-varme-vintre-ti-aar-frem-i-t\" target=\"_blank\" rel=\"noopener\">Vil gi deg svar p\u00e5 om det blir kalde eller varme vintre ti \u00e5r fram i tid<\/a><\/p>\n<h3>Other articles:<\/h3>\n<p><strong>EnergiOGklima<\/strong>\u00a016.10.2020\u00a0<a href=\"https:\/\/energiogklima.no\/podkast\/energi-og-klima-lanserer-podkast\/\" target=\"_blank\" rel=\"noopener\">EnergiOGklima lanserer Podcast.<\/a>\u00a0(Bjerknessenteret deltar)<br \/>\n<strong>Bjerknessenteret<\/strong>\u00a0UiB.no 10.10.2020\u00a0\u00a0<a href=\"https:\/\/www.bjerknes.uib.no\/artikler\/podcast-arven-etter-nansen-med-marius-arthun\" target=\"_blank\" rel=\"noopener\">Podcast: Arven etter Nansen<\/a><br \/>\n<strong>EnergiOGklima 29.9.2020\u00a0<\/strong><a href=\"https:\/\/energiogklima.no\/to-grader\/hva-gjor-la-nina-med-vaeret\/\" target=\"_blank\" rel=\"noopener\">Hva gj\u00f8r La Ni\u00f1a med v\u00e6ret?<\/a><br \/>\n<strong>Bjerknes.uib.no\u00a0<\/strong>9.7.2020\u00a0<a href=\"https:\/\/www.bjerknes.uib.no\/artikler\/nyheter\/varsler-jordens-klima-pa-kort-sikt\" target=\"_blank\" rel=\"noopener\">Varsler jordens klima p\u00e5 kort sikt<\/a><br \/>\n<strong>NRK.no<\/strong>\u00a09.7.2020\u00a0<a href=\"https:\/\/www.nrk.no\/norge\/klimarapport-varslar-auka-temperatur-dei-neste-fem-ara-1.15083785\" target=\"_blank\" rel=\"noopener\">Klimarapport varslar auka temperatur dei neste fem \u00e5ra<\/a><br \/>\n<strong>DN.no<\/strong>\u00a04.6.2020 Innlegg om iskanten:\u00a0<a href=\"https:\/\/www.dn.no\/innlegg\/miljo\/klima\/energi\/innlegg-om-iskanten-femten-er-ikke-midt-mellom-tredve-og-aldri\/2-1-818426\" target=\"_blank\" rel=\"noopener\">Femten er ikke midt mellom tredve og aldri<\/a><br \/>\n<strong>EnergiOGklima<\/strong>\u00a011.2.2020\u00a0<a href=\"https:\/\/energiogklima.no\/to-grader\/ekspertintervju\/iskanten-barentshavet-isfrekvens-klimamaal-eldevik\/\" target=\"_blank\" rel=\"noopener\">Ekspertintervjuet: 30 prosent isfrekvens gir \u00f8kt risiko hvis klimam\u00e5lene n\u00e5s<\/a><br \/>\n<strong>Bjerknessenteret<\/strong>, UiB.no 3.3.2020\u00a0<a href=\"https:\/\/www.bjerknes.uib.no\/en\/article\/news\/super-el-ninos-link-drought-condition-europe\" target=\"_blank\" rel=\"noopener\">Super El Ni\u00f1os link to drought in Europe<\/a><br \/>\n<strong>Klimastiftelsen.no<\/strong>\u00a06.2.2020\u00a0<a href=\"https:\/\/klimastiftelsen.no\/publikasjoner\/olje-i-nord-iskanten-setter-grensen\/\" target=\"_blank\" rel=\"noopener\">Olje i nord \u2013 iskanten setter grensen<\/a><br \/>\n<strong>Stortinget.no<\/strong>\u00a0<a href=\"https:\/\/www.stortinget.no\/globalassets\/pdf\/innstillinger\/stortinget\/2019-2020\/inns-201920-382s.pdf\" target=\"_blank\" rel=\"noopener\">Innstilling til Stortinget fra energi- og milj\u00f8komiteen<\/a><br \/>\n<strong>UiB.no<\/strong>, Konsertserien \u201cNeste steg\u201d:\u00a0<a href=\"https:\/\/nestesteg.w.uib.no\/alltid-i-bevegelse\/\" target=\"_blank\" rel=\"noopener\">Havet \u2013 alltid i bevegelse<\/a>\u00a0og\u00a0<a href=\"https:\/\/nestesteg.w.uib.no\/menneskets-tidsalder\/\" target=\"_blank\" rel=\"noopener\">Menneskets tidsalder<\/a><\/p>\n<p><strong>BCCR Climate prediction podcast<\/strong>\u00a0(May 2019, Svendsen):\u00a0<a href=\"https:\/\/bjerknessenteret.podbean.com\/e\/blir-klimaet-bedre-om-vi-snakker-norsk\/\" target=\"_blank\" rel=\"noopener\">Blir klimaet bedre om vi snakker norsk?<\/a><br \/>\n<strong>BCCR Climate prediction podcast<\/strong>\u00a0(August 2019, Langehaug):\u00a0<a href=\"https:\/\/bjerknessenteret.podbean.com\/e\/the-push-for-predicting-the-future-climate\/\" target=\"_blank\" rel=\"noopener\">The push for predicting\u00a0<\/a><a href=\"https:\/\/bjerknessenteret.podbean.com\/e\/the-push-for-predicting-the-future-climate\/\" target=\"_blank\" rel=\"noopener\">the future climate<\/a><a href=\"https:\/\/bjerknessenteret.podbean.com\/e\/the-push-for-predicting-the-future-climate\/\" target=\"_blank\" rel=\"noopener\">.<\/a><br \/>\n<strong>BCCR workshop\u00a0<\/strong>5.-7. juni 2019;\u00a0<a href=\"https:\/\/ec.europa.eu\/easme\/en\/news\/eu-climate-modelling-cluster-and-importance-cooperation-climate-science\" target=\"_blank\" rel=\"noopener\">The EU Climate Modelling Cluster and the importance of cooperation in climate science<\/a><br \/>\n<strong>Fiskeribladet<\/strong>, 14.08.2019\u00a0<a href=\"https:\/\/fiskeribladet.no\/tekfisk\/nyheter\/?artikkel=67771\" target=\"_blank\" rel=\"noopener\">Klimavarsling skal gi bedre r\u00e5d om fiskekvoter<\/a>, Intervju med Mette Skern-Mauritzen<br \/>\n<strong>R\u00f8tter<\/strong>, Universitetsmuseets \u00e5rbok for 2019,\u00a0<a href=\"https:\/\/www.nordisktrykk.no\/FLIP\/2402-UMB-flip\/mobile\/index.html\" target=\"_blank\" rel=\"noopener\">Kapittel om historiske og lokale perspektiver p\u00e5 klimavarsling<\/a><\/p>\n<h4>Additional funding:<\/h4>\n<p><a href=\"https:\/\/cordis.europa.eu\/project\/id\/817578\" target=\"_blank\" rel=\"noopener\">Prosjektet TRIATLAS<\/a>, EU 2020 prosjekt. Posjektet er koordinert av Noel Keenlyside, oppstart juni 2019.<br \/>\n<a href=\"https:\/\/www.jpi-oceans.eu\/news-events\/news\/jpi-climate-and-jpi-oceans-jointly-fund-two-international-projects-next-generation\" target=\"_blank\" rel=\"noopener\">Prosjektet ROADMAP<\/a>, JPI CLIMATE og JPI OCEANS finansiert, Noel Keenlyside er co-koordinator, starter i 2020.<\/p>\n<p>and a lot more ..[\/vc_column_text][\/vc_column_inner][vc_column_inner width=&#8221;1\/3&#8243;]<div class=\"infobox light-brown\">\n<div class=\"wpb_text_column wpb_content_element \">\n<div class=\"wpb_wrapper\">\n<p>Bjerknes Climate Prediction Unit in brief<\/p>\n<\/div>\n<\/div>\n<div class=\"wpb_text_column wpb_content_element \">\n<div class=\"wpb_wrapper\">\n<p>Program period: 2018-2024<br \/>\nProgram leader: professor Noel Keenlyside, UiB<br \/>\nDeputy leader: professor Tor Eldevik, UiB<\/p>\n<p>Funding from TMS: 30 MNOK<br \/>\nTotal budget: 60MNOK<\/p>\n<p>The program is located at <a href=\"https:\/\/bjerknes.uib.no\/forside\" target=\"_blank\" rel=\"noopener\">Bjerknes Center for Climate Research<\/a>.<\/p>\n<p><a href=\"https:\/\/bcpu.w.uib.no\/\" target=\"_blank\" rel=\"noopener\">Read more<\/a><\/p>\n<\/div>\n<\/div>\n<\/div>[\/vc_column_inner][\/vc_row_inner][\/vc_column][\/vc_row][vc_row][vc_column]<div class=\"spacer-3ed3c4f3188960fecee6faed144db8791289\" style=\"\"><\/div><style>@media (min-width: 320px) { .spacer-3ed3c4f3188960fecee6faed144db8791289{ height: 30px;}}@media (min-width: 767px) { .spacer-3ed3c4f3188960fecee6faed144db8791289{ height: 30px;}}@media (min-width: 979px) { .spacer-3ed3c4f3188960fecee6faed144db8791289{ height: 60px;}}@media (min-width: 1200px) { .spacer-3ed3c4f3188960fecee6faed144db8791289{ height: 60px;}}<\/style>[\/vc_column][\/vc_row]<\/p>\n<\/div>","protected":false},"excerpt":{"rendered":"<p>[vc_row css=&#8221;.vc_custom_1652457463323{margin-right: 0px !important;margin-left: 0px !important;background-image: url(https:\/\/mohnfoundation.no\/wp-content\/uploads\/2022\/05\/isfjell-i-solnedgang-foto-Iselin-Medhaug-e1537527671642-1.jpg?id=5078) !important;background-position: center !important;background-repeat: no-repeat !important;background-size: cover !important;}&#8221;][vc_column][\/vc_column][\/vc_row][vc_row el_class=&#8221;article-white&#8221; css=&#8221;.vc_custom_1649538946065{margin-right: 0px !important;margin-left: 0px !important;}&#8221;][vc_column][vc_column_text]Photo: Iselin Medhaug[\/vc_column_text][vc_row_inner css=&#8221;.vc_custom_1650537879673{margin-bottom: -30px !important;}&#8221;][vc_column_inner][\/vc_column_inner][\/vc_row_inner][vc_row_inner][vc_column_inner width=&#8221;2\/3&#8243;][vc_column_text]The Trond Mohn Foundation wishes to contribute to increase the [&#8230;]<\/p>\n<p><a class=\"btn btn-secondary vidiflex-read-more-link\" href=\"https:\/\/mohnfoundation.no\/en\/https-mohnfoundation-no-en-thematic-initiatives-womens-health\/climate-research\/\">Read More&#8230;<\/a><\/p>\n","protected":false},"author":3,"featured_media":0,"parent":8283,"menu_order":0,"comment_status":"closed","ping_status":"closed","template":"","meta":{"_acf_changed":false,"_relevanssi_hide_post":"","_relevanssi_hide_content":"","_relevanssi_pin_for_all":"","_relevanssi_pin_keywords":"","_relevanssi_unpin_keywords":"","_relevanssi_related_keywords":"","_relevanssi_related_include_ids":"","_relevanssi_related_exclude_ids":"","_relevanssi_related_no_append":"","_relevanssi_related_not_related":"","_relevanssi_related_posts":"","_relevanssi_noindex_reason":"","footnotes":""},"class_list":["post-8352","page","type-page","status-publish","hentry"],"acf":[],"publishpress_future_action":{"enabled":false,"date":"2026-04-22 23:16:50","action":"change-status","newStatus":"draft","terms":[],"taxonomy":"translation_priority","extraData":[]},"publishpress_future_workflow_manual_trigger":{"enabledWorkflows":[]},"_links":{"self":[{"href":"https:\/\/mohnfoundation.no\/en\/wp-json\/wp\/v2\/pages\/8352","targetHints":{"allow":["GET"]}}],"collection":[{"href":"https:\/\/mohnfoundation.no\/en\/wp-json\/wp\/v2\/pages"}],"about":[{"href":"https:\/\/mohnfoundation.no\/en\/wp-json\/wp\/v2\/types\/page"}],"author":[{"embeddable":true,"href":"https:\/\/mohnfoundation.no\/en\/wp-json\/wp\/v2\/users\/3"}],"replies":[{"embeddable":true,"href":"https:\/\/mohnfoundation.no\/en\/wp-json\/wp\/v2\/comments?post=8352"}],"version-history":[{"count":11,"href":"https:\/\/mohnfoundation.no\/en\/wp-json\/wp\/v2\/pages\/8352\/revisions"}],"predecessor-version":[{"id":10883,"href":"https:\/\/mohnfoundation.no\/en\/wp-json\/wp\/v2\/pages\/8352\/revisions\/10883"}],"up":[{"embeddable":true,"href":"https:\/\/mohnfoundation.no\/en\/wp-json\/wp\/v2\/pages\/8283"}],"wp:attachment":[{"href":"https:\/\/mohnfoundation.no\/en\/wp-json\/wp\/v2\/media?parent=8352"}],"curies":[{"name":"wp","href":"https:\/\/api.w.org\/{rel}","templated":true}]}}