{"id":8313,"date":"2022-05-10T14:13:20","date_gmt":"2022-05-10T12:13:20","guid":{"rendered":"http:\/\/mohnfoundation.webforslag.com\/seminarserien-research-in-the-wake-of-the-pandemic\/"},"modified":"2022-09-13T02:54:43","modified_gmt":"2022-09-13T00:54:43","slug":"seminar-series-research-in-the-wake-of-the-pandemic","status":"publish","type":"page","link":"https:\/\/mohnfoundation.no\/en\/seminar-series-research-in-the-wake-of-the-pandemic\/","title":{"rendered":"Seminar series \u00abResearch in the Wake of the Pandemic\u00bb"},"content":{"rendered":"<div class=\"wpb-content-wrapper\"><p>[vc_row css=&#8221;.vc_custom_1652183481327{margin-right: 0px !important;margin-left: 0px !important;background-image: url(https:\/\/mohnfoundation.no\/wp-content\/uploads\/2022\/05\/COVID-19-hasteut.png?id=704) !important;background-position: center !important;background-repeat: no-repeat !important;background-size: cover !important;}&#8221;][vc_column]<div class=\"spacer-5830a5ea62c1f2880975a2ceab4a96be2\" style=\"\"><\/div><style>@media (min-width: 320px) { .spacer-5830a5ea62c1f2880975a2ceab4a96be2{ height: 200px;}}@media (min-width: 767px) { .spacer-5830a5ea62c1f2880975a2ceab4a96be2{ height: 200px;}}@media (min-width: 979px) { .spacer-5830a5ea62c1f2880975a2ceab4a96be2{ height: 400px;}}@media (min-width: 1200px) { .spacer-5830a5ea62c1f2880975a2ceab4a96be2{ height: 400px;}}<\/style>[\/vc_column][\/vc_row][vc_row el_class=&#8221;article-white&#8221; css=&#8221;.vc_custom_1649538946065{margin-right: 0px !important;margin-left: 0px !important;}&#8221;][vc_column][vc_row_inner css=&#8221;.vc_custom_1650537879673{margin-bottom: -30px !important;}&#8221;][vc_column_inner]<div class=\"header left  \"><h1 class=\"font-size-sm\" title=\"Research in the Wake of the Pandemic\">Research in the Wake of the Pandemic<\/h1><\/div>[\/vc_column_inner][\/vc_row_inner][vc_row_inner][vc_column_inner][vc_column_text]<\/p>\n<h2>Program for the Closing Conference<\/h2>\n<p>8\u00a0SEPTEMBER\u00a02022, THE RESEARCH COUNCIL MEETING CENTER, DRAMMENSVEIEN 288, OSLO:\u00a0<em>\u00a0<\/em><\/p>\n<p><a href=\"https:\/\/forskningsradet.pameldingssystem.no\/covid-19-research-in-the-wake-of-the-pandemic?_ga=2.58662506.177680332.1657100342-880961849.1657100342\" target=\"_blank\" rel=\"noopener\"><strong>REGISTER HERE<\/strong><\/a><\/p>\n<p><strong>09:00\u00a0<\/strong>Registration (and poster placement)<br \/>\n<strong>10:00<\/strong>\u00a0Welcome by Mari Sundli Tveit, director of the Research Council of Norway<\/p>\n<p><strong>Part 1: WHO March 11, 2020: Declaration of a Global Pandemic\u00a0<\/strong><\/p>\n<p>\u2013 Scenario \u2013 What Now? v\/John Arne R\u00f8ttingen, Norway\u00b4s global health ambassador<br \/>\n\u2013 Research needs at this point\u00a0 v\/departementsr\u00e5d Cathrine Marie Lofthus (HOD)<br \/>\n\u2013 Researcher\u00b4s response: A new COVID-19-test developed in record time \/ professor Magnar Bj\u00f8r\u00e5s, NTNU<br \/>\n<strong>\u2013 Panel dicussion with representatives from the research sector:\u00a0<\/strong>: How did research responded to the pandemic outbreak? \u00a0John A. R\u00f8ttingen, Catrine M. Lofthus, Magnar Bj\u00f8r\u00e5s, vice dean, Jens Petter Berg, UiO,\u00a0 director\u00a0 for research and innovation Helge R\u00f8sj\u00f8\u00a0 A-HUS, researcher Jonas Dale, NORCE.<\/p>\n<p><strong>11:15<\/strong>\u00a0Coffee break<\/p>\n<p><strong>Part 2: Life in Norway during the pandemic\u00a0\u00a0<\/strong><\/p>\n<p>\u2013 Research needs\u00a0 \/department director Marit Endresen, The Norwegian Directorate for Civil Protection (DSB)<br \/>\n\u2013 Researcher\u2019s response: \/professor Esperanza Diaz, Pandemic Centre at UiB and professor Svenn Erik Mamelund atCentre for Research on Pandemics &amp; Society, OsloMet<br \/>\n\u2013\u00a0<strong>Panel discussion<\/strong>: Marit Endresen (DSB),\u00a0 Esperanza Diaz, Svenn Erik Mamelund.<\/p>\n<p><strong>12:30 LUNCH and poster-session<\/strong><\/p>\n<p><strong>13:30<\/strong>\u00a0<strong>Research Communication \u00a0\u2013 vs INFODEMIC<\/strong><\/p>\n<p>\u2013 CovCom \u2013 Fighting a pandemic through translating science \/ professor Jo R\u00f8islien, Universitetet i Stavanger<br \/>\n\u2013\u00a0<span class=\"Y2IQFc\" lang=\"en\">Dissemination and public information during the pandemic<\/span>\u00a0\/ professor Anne Spurkland, Universitetet i Oslo<br \/>\n\u2013\u00a0<span class=\"Y2IQFc\" lang=\"en\">Experiences with dissemination and information work during the pandemic from one of Oslo\u2019s districts, S\u00f8ndre Nordstrand\u00a0<\/span>\/<span class=\"Y2IQFc\" lang=\"en\">district superintendent\u00a0<\/span>Anne Stine Garnes.<br \/>\n<strong>\u2013 Panel discussion<\/strong>:\u00a0<em><span class=\"Y2IQFc\" lang=\"en\">How can research contribute to efficient and correct science communication to the whole population<\/span>?<\/em>\u00a0 Jo R\u00f8islien, Anne Spurkland, Anne Stine Garnes<\/p>\n<p><strong>14:20<\/strong>\u00a0Coffee break<\/p>\n<p><strong>Part 3:\u00a0<\/strong>\u00a0<strong><span class=\"Y2IQFc\" lang=\"en\">The pandemic subsides \u2013 what now?<\/span><\/strong><\/p>\n<p>\u2013 Scenario \u2013 Do we have control? \/general director Camilla Stoltenberg, Folkehelseinstituttet<br \/>\n\u2013 Research needs \u2013\u00a0<span class=\"Y2IQFc\" lang=\"en\">what is important to research now<\/span>? \/assistant director, Espen R. Nakstad, Helsedirektoratet<br \/>\n\u2013 Researcher\u2019s response;\u00a0<span class=\"Y2IQFc\" lang=\"en\">The future\u2019s knowledge system for crisis and everyday life \u2013 what have we learned<\/span><span class=\"Y2IQFc\" lang=\"en\">?<\/span>\/ director Trygve Ottersen, leader of Nasjonalt Kunnskapsprogram for Covid19, Folkehelseinstituttet<br \/>\n<strong>\u2013 Panel discussion:\u00a0<\/strong><em>What is the translational potential of COVID-19 research\u00a0<\/em><em><span class=\"Y2IQFc\" lang=\"en\">to other international crises \u2013 and the next pandemic?\u00a0<\/span><\/em>Director Kikki F. Kleiven, Bjerknes Center for Climate Research, John Arne R\u00f8ttingen, Camilla Stoltenberg, Trygve Ottersen, Espen R. Nakstad, director Henrik Urdal, Peace Research Institute Oslo.<\/p>\n<p><strong>15:20<\/strong>\u00a0Reflection dialog with statssekret\u00e6r Karl Kristian Bekeng (HOD). Ole Johan Borge (Forskningsr\u00e5det), Marianne Minge (Norwegian Cancer Association) and Sveinung Hole (Trond Mohn Foundation) will also participate.<\/p>\n<p><strong>15:50<\/strong>\u00a0Best Poster Award<\/p>\n<p><strong>16:00<\/strong>\u00a0Closing remarks[\/vc_column_text][\/vc_column_inner][\/vc_row_inner][vc_row_inner][vc_column_inner][vc_column_text]<\/p>\n<h3><strong>About the Seminar Series<\/strong><\/h3>\n<p>In 2020, the Research Council of Norway announced three emergency calls for proposals related to the COVID-19 pandemic. The purpose of these was to contribute to the response to the COVID-19 outbreak. As a result researchers supported by our funding are now investigationg what will make us capable of understanding and limiting the COVID-19 pandemic by improving patient treatment, the public health response, stimulating innovation, studying economic and labor market related consequences and contributing to a more efficient response both to this pandemic and possible future outbreaks.<\/p>\n<p>The initiative is a cooperation between the Research Council of Norway, the Norwegian Cancer Society and Trond Mohn Foundation, resulting in funding for a total amount of NOK 190 million. The Norwegian Cancer Society is contributing with NOK 8 million to cancer-related projects and Trond Mohn Foundation is supporting six of the projects with NOK 30 million. The three emergency calls\u00a0 have awarded funding to 48 projects in total, with funding from several ministeries.<\/p>\n<p>The Research Council, the Norwegian Cancer Society and Trond Mohn Foundation organized a seminar series in the period 2020\u20132022. We aimed to contribute to an academic COVID-19 community with sharing of best practice, inspire communication of the research results between the project leaders and the public, lower the threshold for interdisciplinary cooperation and facilitate dialogue with relevant people of the authorities.<\/p>\n<p class=\"paragraph\"><span class=\"normaltextrun\"><span lang=\"EN-GB\">The target audience for the seminar was the principal investigators of the other projects and their research teams and partners, i.e. a broad group of professionals sharing your expertise.\u00a0\u00a0<\/span><\/span><\/p>\n<p>All principal investigators were invited to present their project in one of the seminars.<\/p>\n<p>The seminars in the series:<\/p>\n<p>Seminar 1 \u2013 December 17 2020\u00a0<em><a href=\"https:\/\/mohnfoundation.no\/en\/seminars\/#seminarone\">Public health response and social countermeasures<\/a><\/em><br \/>\nSeminar 2 \u2013 March 24 2021\u00a0<a href=\"https:\/\/mohnfoundation.no\/en\/seminars\/#seminartwo\"><em><span lang=\"EN-US\">I<\/span><\/em><span lang=\"EN-US\"><em>nsight in medical research and economic consequences<\/em><\/span><\/a><br \/>\nSeminar 3 \u2013 September 29 2021\u00a0<em><a href=\"https:\/\/mohnfoundation.no\/en\/seminars\/#seminarthree\">Individual and societal needs during a pandemic: lessons learned?<\/a><br \/>\n<\/em>Seminar 4 \u2013 January 18 2022\u00a0<a href=\"https:\/\/mohnfoundation.no\/en\/seminars\/#seminarfour\"><em>Pandemic Management: adaptation and resilience in response to an outbreak<\/em><\/a><\/p>\n<p>Concluding conference: September 8 2022<\/p>\n<p><strong>The projects<\/strong><\/p>\n<p>The projects are\u00a0 within the topics\u00a0<a href=\"https:\/\/www.forskningsradet.no\/en\/call-for-proposals\/2020\/covid-19-emergency-call-proposals-collaborative-and-knowledge-building-projects-for-the-fight-against-coronavirus-disease-covid-19\/#UTLPSDEMOKRAT\" target=\"_blank\" rel=\"noopener\">Democracy, administration and renewal,\u00a0<\/a><a href=\"https:\/\/www.forskningsradet.no\/en\/call-for-proposals\/2020\/covid-19-emergency-call-proposals-collaborative-and-knowledge-building-projects-for-the-fight-against-coronavirus-disease-covid-19\/#UTLPSGLOBUTV\" target=\"_blank\" rel=\"noopener\">Global development and international relations,\u00a0<\/a><a href=\"https:\/\/www.forskningsradet.no\/en\/call-for-proposals\/2020\/economic-and-labour-market-consequences-of-the-covid-19-pandemic-for-norwegian-business-and-working-life\/\" target=\"_blank\" rel=\"noopener\">Economic and Labour-market Consequences of the COVID-19 Pandemic for Norwegian Business and Working Life<\/a>\u00a0and innovation projects with the topics\u00a0<a href=\"https:\/\/www.forskningsradet.no\/en\/call-for-proposals\/2020\/covid-19-hasteutlysning-innovasjonsprosjekt-med-privat-offentlig-samarbeid-bia-x\/\" target=\"_blank\" rel=\"noopener\">Industry and services.<\/a><\/p>\n<p>Short project descriptions and contact information for all the project can be found\u00a0<a href=\"https:\/\/prosjektbanken.forskningsradet.no\/#\/explore\/projects\/Kilde=FORISS&amp;chart=bar&amp;calcType=funding&amp;Sprak=no&amp;sortBy=date&amp;sortOrder=desc&amp;Soknad=Kompetanse-%20og%20samarbeidsprosjekt&amp;ProgAkt.1=P&amp;Departement=Kunnskapsdepartementet&amp;Departement=Helse-%20og%20omsorgsdepartementet\" target=\"_blank\" rel=\"noopener\">here<\/a>.<\/p>\n<p><strong>For questions about the seminars:<\/strong><\/p>\n<p>The Research Counsil of Norway:\u00a0<a href=\"mailto:%20sg@forskningsradet.no\">Simona Grasso<\/a>\u00a0 phone + 463 78 332<\/p>\n<p>Trond Mohn Foundation:\u00a0<a href=\"mailto:Oa@mohnfoundation.no\">Oddveig \u00c5sheim<\/a>\u00a0, phone + 47 41 66 31 64[\/vc_column_text][\/vc_column_inner][\/vc_row_inner][vc_row_inner][vc_column_inner width=&#8221;2\/3&#8243;][\/vc_column_inner][vc_column_inner width=&#8221;1\/3&#8243;][\/vc_column_inner][\/vc_row_inner][vc_row_inner][vc_column_inner][vc_column_text]<\/p>\n<h2>De aktive prosjektene<\/h2>\n<p>Prosjektene er innenfor temaene\u00a0<a href=\"https:\/\/www.forskningsradet.no\/utlysninger\/2020\/covid-19-hasteutlysning-kompetanse-samarbeidsprosjekt-bekjempelse-koronaviruset\/#UTLPSDEMOKRAT\" target=\"_blank\" rel=\"noopener\">Demokrati, styring og fornyelse,\u00a0Global utvikling og internasjonale relasjoner,\u00a0\u00d8konomiske og arbeidsmarkedsmessige konsekvenser av koronakrisen for norsk n\u00e6rings- og arbeidsliv<\/a>\u00a0samt innovasjonsprosjekter med tema\u00a0<a href=\"https:\/\/www.forskningsradet.no\/utlysninger\/2020\/covid-19-hasteutlysning-innovasjonsprosjekt-privat-offentlig-samarbeid-bia-x\/\" target=\"_blank\" rel=\"noopener\">Industri og tjenesten\u00e6ringer.<\/a><\/p>\n<p>Korte prosjektbeskrivelser og kontaktinformasjon finner du\u00a0<a href=\"https:\/\/prosjektbanken.forskningsradet.no\/#\/explore\/projects\/Kilde=FORISS&amp;chart=bar&amp;calcType=funding&amp;Sprak=no&amp;sortBy=date&amp;sortOrder=desc&amp;Soknad=Kompetanse-%20og%20samarbeidsprosjekt&amp;ProgAkt.1=P&amp;Departement=Kunnskapsdepartementet&amp;Departement=Helse-%20og%20omsorgsdepartementet\" target=\"_blank\" rel=\"noopener\">her<\/a>. Vi viser ogs\u00e5 til\u00a0<a href=\"https:\/\/www.fhi.no\/div\/kunnskapsprogrammet-for-covid-19\/sjekkliste-for-koronaforskning\/\" target=\"_blank\" rel=\"noopener\">Folkehelseinstituttets sjekkliste for koronaforskning<\/a>.<\/p>\n<p>For sp\u00f8rsm\u00e5l om seminarrekken:<\/p>\n<p>Norges forskningsr\u00e5d:\u00a0<a href=\"mailto:%20sg@forskningsradet.no\">Simona Grasso<\/a>, tlf.: 463 78 332\u00a0 \u00a0 \u00a0 \u00a0 \u00a0 \u00a0 Trond Mohn stiftelse: <a href=\"mailto:Oa@mohnfoundation.no\">Oddveig \u00c5sheim<\/a>, tlf.: 41 66 31 64[\/vc_column_text][\/vc_column_inner][\/vc_row_inner][vc_row_inner][vc_column_inner][vc_column_text]<\/p>\n<h2><b>Relevant articles\/internet pages<\/b><\/h2>\n<p>[\/vc_column_text][\/vc_column_inner][\/vc_row_inner][vc_row_inner][vc_column_inner width=&#8221;1\/2&#8243;][vc_column_text]<strong>International society for priority in health\u00b4s\u00a0<a href=\"https:\/\/prioritiesinhealth.org\/overview\" target=\"_blank\" rel=\"noopener\">\u00a0COVI19-page<\/a>.<\/strong><\/p>\n<p><strong>Norwegian Institute of Public Health:<\/strong>\u00a0<a href=\"https:\/\/www.fhi.no\/en\/qk\/systematic-reviews-hta\/norwegian-covid-19-research\/\" target=\"_blank\" rel=\"noopener\">Nasjonalt kunnskapsprogram for covid-19\u00a0<\/a>(National knowledge program for covid-19) publishes a Newsletter with an overview over recently published Norwegian covid-19 research. To subscribe, please follow this\u00a0<a title=\"https:\/\/forms.apsisforms.com\/f54b03e4f11c8bd9920741657069c6b6\" href=\"https:\/\/forms.apsisforms.com\/f54b03e4f11c8bd9920741657069c6b6\" target=\"_blank\" rel=\"noopener\">link.<\/a>\u00a0More information and earlier Newsletters you can find\u00a0<a href=\"https:\/\/www.fhi.no\/kk\/oppsummert-forskning-for-helsetjenesten\/norsk-covid-19-forskning\/\" target=\"_blank\" rel=\"noopener\">here<\/a>.<\/p>\n<p><strong>Elixir Norway Nov 4 2020<\/strong><br \/>\n<a href=\"https:\/\/covid19dataportal.no\/\" target=\"_blank\" rel=\"noopener\">COVID19- Dataportal: Acceleration Research through Data sharing<\/a><\/p>\n<p><strong>KHRONO, 28. okt 2020<\/strong><br \/>\n<a href=\"https:\/\/khrono.no\/tre-fallgruver-utfordrer-norsk-koronaforskning\/527084\" target=\"_blank\" rel=\"noopener\">Tre fallgruver utfordrer norsk koronaforskning<\/a><\/p>\n<p><strong>KHRONO 27. okt 2020<\/strong><br \/>\n<a href=\"https:\/\/khrono.no\/uib-oppretter-eget-senter-for-pandemiforskning\/526466\" target=\"_blank\" rel=\"noopener\">UiB oppretter eget senter for pandemiforskning<\/a>[\/vc_column_text][\/vc_column_inner][vc_column_inner width=&#8221;1\/2&#8243;][vc_column_text]<strong>Folkehelseinstituttet 16. okt 2020<br \/>\n<\/strong><a href=\"https:\/\/www.fhi.no\/div\/kunnskapsprogrammet-for-covid-19\/sjekkliste-for-koronaforskning\/\" target=\"_blank\" rel=\"noopener\">Sjekkliste for koronaforskning<\/a><\/p>\n<p><strong>UiO.no, 8. mai 2020<\/strong><br \/>\n<a href=\"https:\/\/www.med.uio.no\/helsam\/om\/aktuelt\/aktuelle-saker\/2020\/nfr-stotte-til-covid-19-forskning-ved-helsam.html\" target=\"_blank\" rel=\"noopener\">NFR-st\u00f8tte til covid-19-forskning ved Helsam<\/a><\/p>\n<p><strong>Kreftforeningen.no, 7. mai 2020<\/strong><br \/>\n<a href=\"https:\/\/kreftforeningen.no\/aktuelt\/kreftforeningen-bidrar-i-hastedugnad-mot-korona\/\" target=\"_blank\" rel=\"noopener\">Kreftforeningen bidrar i hastedugnahttps:\/\/mohnfoundation.nod mot korona<\/a><\/p>\n<p><strong>Mohnfoundation.no 7. mai 2020<br \/>\n<\/strong><a href=\"\/aktuelt-nb\/nfrs-covid-19-hasteutlysning-tildelingene-er-klar\/\">NFRs COVID19-utlysning; Tildelingene er klar<\/a><\/p>\n<p><strong>Mohnfoundation.no 7. mai 2020<\/strong><br \/>\n<a href=\"\/aktuelt-nb\/nfrs-covid-19-utlysningen-disse-far-stotte-fra-tms\/\">NFRs COVID19-utlysning; Disse f\u00e5r st\u00f8tte fra Trond Mohn stiftelse<\/a>[\/vc_column_text][\/vc_column_inner][\/vc_row_inner][\/vc_column][\/vc_row][vc_row][vc_column]<div class=\"spacer-3ed3c4f3188960fecee6faed144db8791289\" style=\"\"><\/div><style>@media (min-width: 320px) { .spacer-3ed3c4f3188960fecee6faed144db8791289{ height: 30px;}}@media (min-width: 767px) { .spacer-3ed3c4f3188960fecee6faed144db8791289{ height: 30px;}}@media (min-width: 979px) { .spacer-3ed3c4f3188960fecee6faed144db8791289{ height: 60px;}}@media (min-width: 1200px) { .spacer-3ed3c4f3188960fecee6faed144db8791289{ height: 60px;}}<\/style>[\/vc_column][\/vc_row]<\/p>\n<\/div>","protected":false},"excerpt":{"rendered":"<p>[vc_row css=&#8221;.vc_custom_1652183481327{margin-right: 0px !important;margin-left: 0px !important;background-image: url(https:\/\/mohnfoundation.no\/wp-content\/uploads\/2022\/05\/COVID-19-hasteut.png?id=704) !important;background-position: center !important;background-repeat: no-repeat !important;background-size: cover !important;}&#8221;][vc_column][\/vc_column][\/vc_row][vc_row el_class=&#8221;article-white&#8221; css=&#8221;.vc_custom_1649538946065{margin-right: 0px !important;margin-left: 0px !important;}&#8221;][vc_column][vc_row_inner css=&#8221;.vc_custom_1650537879673{margin-bottom: -30px !important;}&#8221;][vc_column_inner][\/vc_column_inner][\/vc_row_inner][vc_row_inner][vc_column_inner][vc_column_text] Program for the Closing Conference 8\u00a0SEPTEMBER\u00a02022, THE RESEARCH COUNCIL MEETING CENTER, DRAMMENSVEIEN [&#8230;]<\/p>\n<p><a class=\"btn btn-secondary vidiflex-read-more-link\" href=\"https:\/\/mohnfoundation.no\/en\/seminar-series-research-in-the-wake-of-the-pandemic\/\">Read More&#8230;<\/a><\/p>\n","protected":false},"author":3,"featured_media":0,"parent":0,"menu_order":0,"comment_status":"closed","ping_status":"closed","template":"","meta":{"_acf_changed":false,"_relevanssi_hide_post":"","_relevanssi_hide_content":"","_relevanssi_pin_for_all":"","_relevanssi_pin_keywords":"","_relevanssi_unpin_keywords":"","_relevanssi_related_keywords":"","_relevanssi_related_include_ids":"","_relevanssi_related_exclude_ids":"","_relevanssi_related_no_append":"","_relevanssi_related_not_related":"","_relevanssi_related_posts":"","_relevanssi_noindex_reason":"","footnotes":""},"class_list":["post-8313","page","type-page","status-publish","hentry"],"acf":[],"publishpress_future_action":{"enabled":false,"date":"2026-04-22 02:35:07","action":"change-status","newStatus":"draft","terms":[],"taxonomy":"translation_priority","extraData":[]},"publishpress_future_workflow_manual_trigger":{"enabledWorkflows":[]},"_links":{"self":[{"href":"https:\/\/mohnfoundation.no\/en\/wp-json\/wp\/v2\/pages\/8313","targetHints":{"allow":["GET"]}}],"collection":[{"href":"https:\/\/mohnfoundation.no\/en\/wp-json\/wp\/v2\/pages"}],"about":[{"href":"https:\/\/mohnfoundation.no\/en\/wp-json\/wp\/v2\/types\/page"}],"author":[{"embeddable":true,"href":"https:\/\/mohnfoundation.no\/en\/wp-json\/wp\/v2\/users\/3"}],"replies":[{"embeddable":true,"href":"https:\/\/mohnfoundation.no\/en\/wp-json\/wp\/v2\/comments?post=8313"}],"version-history":[{"count":3,"href":"https:\/\/mohnfoundation.no\/en\/wp-json\/wp\/v2\/pages\/8313\/revisions"}],"predecessor-version":[{"id":8635,"href":"https:\/\/mohnfoundation.no\/en\/wp-json\/wp\/v2\/pages\/8313\/revisions\/8635"}],"wp:attachment":[{"href":"https:\/\/mohnfoundation.no\/en\/wp-json\/wp\/v2\/media?parent=8313"}],"curies":[{"name":"wp","href":"https:\/\/api.w.org\/{rel}","templated":true}]}}