{"id":8219,"date":"2022-04-28T17:10:58","date_gmt":"2022-04-28T15:10:58","guid":{"rendered":"http:\/\/mohnfoundation.webforslag.com\/kontakt-oss\/"},"modified":"2025-02-05T16:59:02","modified_gmt":"2025-02-05T15:59:02","slug":"contact-information","status":"publish","type":"page","link":"https:\/\/mohnfoundation.no\/en\/contact-information\/","title":{"rendered":"Contact information"},"content":{"rendered":"<div class=\"wpb-content-wrapper\"><p>[vc_row el_class=&#8221;article-white&#8221; css=&#8221;.vc_custom_1649538946065{margin-right: 0px !important;margin-left: 0px !important;}&#8221;][vc_column][vc_empty_space height=&#8221;7px&#8221;][vc_row_inner css=&#8221;.vc_custom_1650537879673{margin-bottom: -30px !important;}&#8221;][vc_column_inner]<div class=\"header left  \"><h1 class=\"font-size-sm\" title=\"Contact information\">Contact information<\/h1><\/div>[\/vc_column_inner][\/vc_row_inner][vc_row_inner][vc_column_inner width=&#8221;1\/3&#8243;][vc_column_text]Visiting address:<\/p>\n<p>Trond Mohn forskningsstiftelse<br \/>\n(Telenorbygget)<br \/>\nYtrebygdsvegen 215<br \/>\n5258 Blomsterdalen[\/vc_column_text][\/vc_column_inner][vc_column_inner width=&#8221;1\/3&#8243;][vc_column_text]Postal address:<\/p>\n<p>Trond Mohn Research Foundation<br \/>\nPostbox 7150<br \/>\n5020 Bergen<br \/>\nNorway[\/vc_column_text][\/vc_column_inner][vc_column_inner width=&#8221;1\/3&#8243;][vc_column_text]Invoice address:<\/p>\n<p>Trond Mohn Research Foundation<br \/>\nPostboks 7150<br \/>\n5020 Bergen<br \/>\nNorway<\/p>\n<p>Organization number: 988 029 327[\/vc_column_text][\/vc_column_inner][\/vc_row_inner][vc_row_inner][vc_column_inner width=&#8221;1\/3&#8243;]\n\t\t\t<figure class=\"standard-image left no-caption\">\n\t\t\t\t<img loading=\"lazy\" decoding=\"async\" width=\"388\" height=\"259\" src=\"https:\/\/mohnfoundation.no\/wp-content\/uploads\/2024\/11\/rsz_NN_okt24_Paul-Ammundsen-scaled-e1738758444671.jpg\" class=\"attachment- size-\" alt=\"\" \/>\n\t\t\t\t\n\t\t\t<\/figure>[vc_column_text css=&#8221;&#8221;]<b>Nicholas Knag Nunn<\/b><br \/>\nCEO\/CFO<\/p>\n<p>E-mail: nn@mohnfoundation.no<br \/>\nPhone: +47 41646292[\/vc_column_text][\/vc_column_inner][vc_column_inner width=&#8221;1\/3&#8243;]\n\t\t\t<figure class=\"standard-image left no-caption\">\n\t\t\t\t<img loading=\"lazy\" decoding=\"async\" width=\"345\" height=\"259\" src=\"https:\/\/mohnfoundation.no\/wp-content\/uploads\/2022\/04\/OddveigAsheim_345x259-1.jpg\" class=\"attachment- size-\" alt=\"\" srcset=\"https:\/\/mohnfoundation.no\/wp-content\/uploads\/2022\/04\/OddveigAsheim_345x259-1.jpg 345w, https:\/\/mohnfoundation.no\/wp-content\/uploads\/2022\/04\/OddveigAsheim_345x259-1-300x225.jpg 300w, https:\/\/mohnfoundation.no\/wp-content\/uploads\/2022\/04\/OddveigAsheim_345x259-1-320x240.jpg 320w\" sizes=\"auto, (max-width: 345px) 100vw, 345px\" \/>\n\t\t\t\t\n\t\t\t<\/figure>[vc_column_text css=&#8221;&#8221;]<strong>Oddveig \u00c5sheim<\/strong><\/p>\n<p>Head of Grants<\/p>\n<p>E-mail: oa@mohnfoundation.no<br \/>\nPhone: +47 41663164[\/vc_column_text][\/vc_column_inner][vc_column_inner width=&#8221;1\/3&#8243;]\n\t\t\t<figure class=\"standard-image left no-caption\">\n\t\t\t\t<img loading=\"lazy\" decoding=\"async\" width=\"345\" height=\"259\" src=\"https:\/\/mohnfoundation.no\/wp-content\/uploads\/2022\/04\/Hans-Jacob-Dahle_345x259.jpg\" class=\"attachment- size-\" alt=\"\" srcset=\"https:\/\/mohnfoundation.no\/wp-content\/uploads\/2022\/04\/Hans-Jacob-Dahle_345x259.jpg 345w, https:\/\/mohnfoundation.no\/wp-content\/uploads\/2022\/04\/Hans-Jacob-Dahle_345x259-300x225.jpg 300w, https:\/\/mohnfoundation.no\/wp-content\/uploads\/2022\/04\/Hans-Jacob-Dahle_345x259-320x240.jpg 320w\" sizes=\"auto, (max-width: 345px) 100vw, 345px\" \/>\n\t\t\t\t\n\t\t\t<\/figure>[vc_column_text css=&#8221;&#8221;]<strong>Hans Jacob Dahle<\/strong><\/p>\n<p>CIO<\/p>\n<p>E-mail: hjd@mohnfoundation.no<br \/>\nPhone: +47 482 77 497[\/vc_column_text][\/vc_column_inner][\/vc_row_inner][vc_row_inner][vc_column_inner width=&#8221;1\/3&#8243;]\n\t\t\t<figure class=\"standard-image left no-caption\">\n\t\t\t\t<img loading=\"lazy\" decoding=\"async\" width=\"345\" height=\"260\" src=\"https:\/\/mohnfoundation.no\/wp-content\/uploads\/2022\/11\/rsz_2022_tmsstaff-anja_fotomelanieburford-e1670593276962.jpg\" class=\"attachment- size-\" alt=\"Portrait of a female with grey background\" srcset=\"https:\/\/mohnfoundation.no\/wp-content\/uploads\/2022\/11\/rsz_2022_tmsstaff-anja_fotomelanieburford-e1670593276962.jpg 345w, https:\/\/mohnfoundation.no\/wp-content\/uploads\/2022\/11\/rsz_2022_tmsstaff-anja_fotomelanieburford-e1670593276962-300x226.jpg 300w, https:\/\/mohnfoundation.no\/wp-content\/uploads\/2022\/11\/rsz_2022_tmsstaff-anja_fotomelanieburford-e1670593276962-320x241.jpg 320w\" sizes=\"auto, (max-width: 345px) 100vw, 345px\" \/>\n\t\t\t\t\n\t\t\t<\/figure>[vc_column_text css=&#8221;&#8221;]<strong>Anja Hegen<\/strong><br \/>\nSenior Advisor\u00a0 (grants)<\/p>\n<p>E-mail: <a href=\"mailto:ah@mohnfoundation.no\">ah@mohnfoundation.no<\/a><br \/>\nPhone: <a href=\"tlf:+4746468416\">+47 464 69 416<\/a>[\/vc_column_text][\/vc_column_inner][vc_column_inner width=&#8221;1\/3&#8243;]\n\t\t\t<figure class=\"standard-image left no-caption\">\n\t\t\t\t<img loading=\"lazy\" decoding=\"async\" width=\"345\" height=\"230\" src=\"https:\/\/mohnfoundation.no\/wp-content\/uploads\/2025\/02\/rsz_portrett_linn_amundsen_2024-1-scaled-e1738759152367.jpg\" class=\"attachment- size-\" alt=\"\" \/>\n\t\t\t\t\n\t\t\t<\/figure>[vc_column_text css=&#8221;&#8221;]<strong>Linn Knudsen<\/strong><br \/>\nSenior Advisor (grants)<\/p>\n<p>E-mail: lk@mohnfoundation.no<br \/>\nPhone: +47 404 98 272[\/vc_column_text][\/vc_column_inner][vc_column_inner width=&#8221;1\/3&#8243;]\n\t\t\t<figure class=\"standard-image left no-caption\">\n\t\t\t\t<img loading=\"lazy\" decoding=\"async\" width=\"345\" height=\"259\" src=\"https:\/\/mohnfoundation.no\/wp-content\/uploads\/2022\/04\/Gunnar-Torsnes_345x259.jpg\" class=\"attachment- size-\" alt=\"\" srcset=\"https:\/\/mohnfoundation.no\/wp-content\/uploads\/2022\/04\/Gunnar-Torsnes_345x259.jpg 345w, https:\/\/mohnfoundation.no\/wp-content\/uploads\/2022\/04\/Gunnar-Torsnes_345x259-300x225.jpg 300w, https:\/\/mohnfoundation.no\/wp-content\/uploads\/2022\/04\/Gunnar-Torsnes_345x259-320x240.jpg 320w\" sizes=\"auto, (max-width: 345px) 100vw, 345px\" \/>\n\t\t\t\t\n\t\t\t<\/figure>[vc_column_text css=&#8221;&#8221;]<strong>Gunnar Torsnes<\/strong><\/p>\n<p>Senior Adviser (investment)<\/p>\n<p>E-mail: gt@mohnfoundation.no<br \/>\nPhone: +47 481 62 695[\/vc_column_text][\/vc_column_inner][\/vc_row_inner][vc_row_inner][vc_column_inner width=&#8221;1\/3&#8243;]\n\t\t\t<figure class=\"standard-image left no-caption\">\n\t\t\t\t\n\t\t\t\t\n\t\t\t<\/figure>[vc_column_text css=&#8221;&#8221;][\/vc_column_text][\/vc_column_inner][vc_column_inner width=&#8221;1\/3&#8243;]\n\t\t\t<figure class=\"standard-image left no-caption\">\n\t\t\t\t<img loading=\"lazy\" decoding=\"async\" width=\"345\" height=\"260\" src=\"https:\/\/mohnfoundation.no\/wp-content\/uploads\/2022\/10\/rsz_tfs_portretter-3153-e1665500163598.jpg\" class=\"attachment- size-\" alt=\"\" srcset=\"https:\/\/mohnfoundation.no\/wp-content\/uploads\/2022\/10\/rsz_tfs_portretter-3153-e1665500163598.jpg 345w, https:\/\/mohnfoundation.no\/wp-content\/uploads\/2022\/10\/rsz_tfs_portretter-3153-e1665500163598-300x226.jpg 300w, https:\/\/mohnfoundation.no\/wp-content\/uploads\/2022\/10\/rsz_tfs_portretter-3153-e1665500163598-320x241.jpg 320w\" sizes=\"auto, (max-width: 345px) 100vw, 345px\" \/>\n\t\t\t\t\n\t\t\t<\/figure>[vc_column_text]<strong>Unn S\u00f8rum<\/strong><br \/>\nHead of administration at <a href=\"https:\/\/tfstiftelse.no\/\" target=\"_blank\" rel=\"noopener\">Troms\u00f8 Research Foundation<\/a>.<br \/>\nS\u00f8rum assists the Trond Mohn Research Foundation with cooperative projects between the two foundations.<\/p>\n<p class=\"p1\">E-mail: <a href=\"mailto:gt@mohnfoundation.no\">us@mohnfoundation.no<br \/>\n<\/a>Phone:\u00a0 <a href=\"tlf:+47 916 33 850\">+47 916 33 850<\/a><\/p>\n<p>[\/vc_column_text][\/vc_column_inner][vc_column_inner width=&#8221;1\/3&#8243;][\/vc_column_inner][\/vc_row_inner][vc_row_inner][vc_column_inner][vc_column_text css=&#8221;&#8221;]Portraits of TMF employees: Melanie Burford, SILVEREYE PICTURES. Portrait of Nicholas Nunn and Linn Knudsen: P\u00e5l Amundsen, portrait of Unn S\u00f8rum by Lars \u00c5ke Andersen\/TFS.[\/vc_column_text][\/vc_column_inner][\/vc_row_inner][\/vc_column][\/vc_row][vc_row][vc_column]<div class=\"spacer-3ed3c4f3188960fecee6faed144db8791289\" style=\"\"><\/div><style>@media (min-width: 320px) { .spacer-3ed3c4f3188960fecee6faed144db8791289{ height: 30px;}}@media (min-width: 767px) { .spacer-3ed3c4f3188960fecee6faed144db8791289{ height: 30px;}}@media (min-width: 979px) { .spacer-3ed3c4f3188960fecee6faed144db8791289{ height: 60px;}}@media (min-width: 1200px) { .spacer-3ed3c4f3188960fecee6faed144db8791289{ height: 60px;}}<\/style>[\/vc_column][\/vc_row][vc_row][vc_column][\/vc_column][\/vc_row]<\/p>\n<\/div>","protected":false},"excerpt":{"rendered":"<p>[vc_row el_class=&#8221;article-white&#8221; css=&#8221;.vc_custom_1649538946065{margin-right: 0px !important;margin-left: 0px !important;}&#8221;][vc_column][vc_empty_space height=&#8221;7px&#8221;][vc_row_inner css=&#8221;.vc_custom_1650537879673{margin-bottom: -30px !important;}&#8221;][vc_column_inner][\/vc_column_inner][\/vc_row_inner][vc_row_inner][vc_column_inner width=&#8221;1\/3&#8243;][vc_column_text]Visiting address: Trond Mohn forskningsstiftelse (Telenorbygget) Ytrebygdsvegen 215 5258 Blomsterdalen[\/vc_column_text][\/vc_column_inner][vc_column_inner width=&#8221;1\/3&#8243;][vc_column_text]Postal address: Trond Mohn Research Foundation Postbox 7150 5020 Bergen Norway[\/vc_column_text][\/vc_column_inner][vc_column_inner width=&#8221;1\/3&#8243;][vc_column_text]Invoice address: Trond [&#8230;]<\/p>\n<p><a class=\"btn btn-secondary vidiflex-read-more-link\" href=\"https:\/\/mohnfoundation.no\/en\/contact-information\/\">Read More&#8230;<\/a><\/p>\n","protected":false},"author":3,"featured_media":0,"parent":0,"menu_order":0,"comment_status":"closed","ping_status":"closed","template":"","meta":{"_acf_changed":false,"_relevanssi_hide_post":"","_relevanssi_hide_content":"","_relevanssi_pin_for_all":"","_relevanssi_pin_keywords":"","_relevanssi_unpin_keywords":"","_relevanssi_related_keywords":"","_relevanssi_related_include_ids":"","_relevanssi_related_exclude_ids":"","_relevanssi_related_no_append":"","_relevanssi_related_not_related":"","_relevanssi_related_posts":"","_relevanssi_noindex_reason":"","footnotes":""},"class_list":["post-8219","page","type-page","status-publish","hentry"],"acf":[],"publishpress_future_action":{"enabled":false,"date":"2026-04-14 16:46:56","action":"change-status","newStatus":"draft","terms":[],"taxonomy":"translation_priority","extraData":[]},"publishpress_future_workflow_manual_trigger":{"enabledWorkflows":[]},"_links":{"self":[{"href":"https:\/\/mohnfoundation.no\/en\/wp-json\/wp\/v2\/pages\/8219","targetHints":{"allow":["GET"]}}],"collection":[{"href":"https:\/\/mohnfoundation.no\/en\/wp-json\/wp\/v2\/pages"}],"about":[{"href":"https:\/\/mohnfoundation.no\/en\/wp-json\/wp\/v2\/types\/page"}],"author":[{"embeddable":true,"href":"https:\/\/mohnfoundation.no\/en\/wp-json\/wp\/v2\/users\/3"}],"replies":[{"embeddable":true,"href":"https:\/\/mohnfoundation.no\/en\/wp-json\/wp\/v2\/comments?post=8219"}],"version-history":[{"count":37,"href":"https:\/\/mohnfoundation.no\/en\/wp-json\/wp\/v2\/pages\/8219\/revisions"}],"predecessor-version":[{"id":12327,"href":"https:\/\/mohnfoundation.no\/en\/wp-json\/wp\/v2\/pages\/8219\/revisions\/12327"}],"wp:attachment":[{"href":"https:\/\/mohnfoundation.no\/en\/wp-json\/wp\/v2\/media?parent=8219"}],"curies":[{"name":"wp","href":"https:\/\/api.w.org\/{rel}","templated":true}]}}