{"id":8204,"date":"2022-04-27T18:54:23","date_gmt":"2022-04-27T16:54:23","guid":{"rendered":"http:\/\/mohnfoundation.webforslag.com\/styret-i-trond-mohn-stiftelse\/"},"modified":"2025-07-03T09:33:00","modified_gmt":"2025-07-03T07:33:00","slug":"styret-i-trond-mohn-stiftelse","status":"publish","type":"page","link":"https:\/\/mohnfoundation.no\/en\/styret-i-trond-mohn-stiftelse\/","title":{"rendered":"Board of Directors"},"content":{"rendered":"<div class=\"wpb-content-wrapper\"><p>[vc_row css=&#8221;.vc_custom_1677225457760{margin-right: 0px !important;margin-left: 0px !important;background-position: center !important;background-repeat: no-repeat !important;background-size: cover !important;}&#8221;][vc_column]<div class=\"spacer-5830a5ea62c1f2880975a2ceab4a96be2\" style=\"\"><\/div><style>@media (min-width: 320px) { .spacer-5830a5ea62c1f2880975a2ceab4a96be2{ height: 2px;}}@media (min-width: 767px) { .spacer-5830a5ea62c1f2880975a2ceab4a96be2{ height: 2px;}}@media (min-width: 979px) { .spacer-5830a5ea62c1f2880975a2ceab4a96be2{ height: 4px;}}@media (min-width: 1200px) { .spacer-5830a5ea62c1f2880975a2ceab4a96be2{ height: 4px;}}<\/style>[\/vc_column][\/vc_row][vc_row el_class=&#8221;article-white&#8221; css=&#8221;.vc_custom_1649538946065{margin-right: 0px !important;margin-left: 0px !important;}&#8221;][vc_column][vc_row_inner css=&#8221;.vc_custom_1650537879673{margin-bottom: -30px !important;}&#8221;][vc_column_inner]<div class=\"header left  \"><h1 class=\"font-size-sm\" title=\"Board of Directors\">Board of Directors<\/h1><\/div>[\/vc_column_inner][\/vc_row_inner][vc_row_inner][vc_column_inner width=&#8221;1\/3&#8243;]\n\t\t\t<figure class=\"standard-image left no-caption\">\n\t\t\t\t<img loading=\"lazy\" decoding=\"async\" width=\"1500\" height=\"1000\" src=\"https:\/\/mohnfoundation.no\/wp-content\/uploads\/2024\/08\/Frokostmote-30-august_Foto-Fotova_012-e1725022870948.jpg\" class=\"attachment- size-\" alt=\"\" \/>\n\t\t\t\t\n\t\t\t<\/figure>[vc_column_text]<strong>Asbj\u00f8rn Strandbakken \u2013 Chair<\/strong><\/p>\n<p>Professor, Faculty of Law at the University of Bergen. Dean at the Faculty of Law from 2009 to 2017.[\/vc_column_text][\/vc_column_inner][vc_column_inner width=&#8221;1\/3&#8243;]\n\t\t\t<figure class=\"standard-image left no-caption\">\n\t\t\t\t<img loading=\"lazy\" decoding=\"async\" width=\"345\" height=\"259\" src=\"https:\/\/mohnfoundation.no\/wp-content\/uploads\/2022\/04\/TM-20190325_TMS_Board-009-e1557152410216.jpg\" class=\"attachment- size-\" alt=\"\" srcset=\"https:\/\/mohnfoundation.no\/wp-content\/uploads\/2022\/04\/TM-20190325_TMS_Board-009-e1557152410216.jpg 345w, https:\/\/mohnfoundation.no\/wp-content\/uploads\/2022\/04\/TM-20190325_TMS_Board-009-e1557152410216-300x225.jpg 300w, https:\/\/mohnfoundation.no\/wp-content\/uploads\/2022\/04\/TM-20190325_TMS_Board-009-e1557152410216-320x240.jpg 320w\" sizes=\"auto, (max-width: 345px) 100vw, 345px\" \/>\n\t\t\t\t\n\t\t\t<\/figure>[vc_column_text]<strong>Trond Mohn \u2013 Donator<\/strong><\/p>\n<p>Industrialist and philanthropist. Honorary doctor of the University of\u00a0Bergen and the University of Troms\u00f8.[\/vc_column_text][\/vc_column_inner][vc_column_inner width=&#8221;1\/3&#8243;]\n\t\t\t<figure class=\"standard-image left no-caption\">\n\t\t\t\t<img loading=\"lazy\" decoding=\"async\" width=\"355\" height=\"260\" src=\"https:\/\/mohnfoundation.no\/wp-content\/uploads\/2022\/09\/ASV_Schjodt_mofk_web-e1663158017846-1.jpg\" class=\"attachment- size-\" alt=\"Bilde av Morten Foros Krohnstad\" srcset=\"https:\/\/mohnfoundation.no\/wp-content\/uploads\/2022\/09\/ASV_Schjodt_mofk_web-e1663158017846-1.jpg 355w, https:\/\/mohnfoundation.no\/wp-content\/uploads\/2022\/09\/ASV_Schjodt_mofk_web-e1663158017846-1-300x220.jpg 300w, https:\/\/mohnfoundation.no\/wp-content\/uploads\/2022\/09\/ASV_Schjodt_mofk_web-e1663158017846-1-320x234.jpg 320w\" sizes=\"auto, (max-width: 355px) 100vw, 355px\" \/>\n\t\t\t\t\n\t\t\t<\/figure>[vc_column_text]<strong>Morten Foros Krohnstad<\/strong><\/p>\n<p>Partner at the law firm Advokatfirmaet Schj\u00f8dt AS.[\/vc_column_text][\/vc_column_inner][\/vc_row_inner][vc_row_inner][vc_column_inner width=&#8221;1\/3&#8243;]\n\t\t\t<figure class=\"standard-image left no-caption\">\n\t\t\t\t<img loading=\"lazy\" decoding=\"async\" width=\"345\" height=\"260\" src=\"https:\/\/mohnfoundation.no\/wp-content\/uploads\/2023\/04\/20230331_TMSCamillaKrakstad-013-1-e1682690950569.jpg\" class=\"attachment-img-xxl size-img-xxl\" alt=\"\" srcset=\"https:\/\/mohnfoundation.no\/wp-content\/uploads\/2023\/04\/20230331_TMSCamillaKrakstad-013-1-e1682690950569.jpg 345w, https:\/\/mohnfoundation.no\/wp-content\/uploads\/2023\/04\/20230331_TMSCamillaKrakstad-013-1-e1682690950569-300x226.jpg 300w, https:\/\/mohnfoundation.no\/wp-content\/uploads\/2023\/04\/20230331_TMSCamillaKrakstad-013-1-e1682690950569-320x241.jpg 320w\" sizes=\"auto, (max-width: 345px) 100vw, 345px\" \/>\n\t\t\t\t\n\t\t\t<\/figure>[vc_column_text]<strong>Camilla Krakstad<\/strong><\/p>\n<p>Professor at the University of Bergen and head of Bergen Gynecologic Cancer Research Group.[\/vc_column_text][\/vc_column_inner][vc_column_inner width=&#8221;1\/3&#8243;]\n\t\t\t<figure class=\"standard-image left no-caption\">\n\t\t\t\t<img loading=\"lazy\" decoding=\"async\" width=\"333\" height=\"250\" src=\"https:\/\/mohnfoundation.no\/wp-content\/uploads\/2025\/07\/Dorte-Norgaard-Madsen_privat.jpeg\" class=\"attachment- size-\" alt=\"\" srcset=\"https:\/\/mohnfoundation.no\/wp-content\/uploads\/2025\/07\/Dorte-Norgaard-Madsen_privat.jpeg 333w, https:\/\/mohnfoundation.no\/wp-content\/uploads\/2025\/07\/Dorte-Norgaard-Madsen_privat-300x225.jpeg 300w, https:\/\/mohnfoundation.no\/wp-content\/uploads\/2025\/07\/Dorte-Norgaard-Madsen_privat-320x240.jpeg 320w\" sizes=\"auto, (max-width: 333px) 100vw, 333px\" \/>\n\t\t\t\t\n\t\t\t<\/figure>[vc_column_text][\/vc_column_text][vc_column_text css=&#8221;&#8221;]<b>Dorte N\u00f8rgaard Madsen<\/b><\/p>\n<p>Professor at the University of Bergen[\/vc_column_text][\/vc_column_inner][vc_column_inner width=&#8221;1\/3&#8243;]\n\t\t\t<figure class=\"standard-image left no-caption\">\n\t\t\t\t<img loading=\"lazy\" decoding=\"async\" width=\"345\" height=\"259\" src=\"https:\/\/mohnfoundation.no\/wp-content\/uploads\/2022\/04\/OBT-20190325_TMS_Board-047-e1557154207752.jpg\" class=\"attachment- size-\" alt=\"\" srcset=\"https:\/\/mohnfoundation.no\/wp-content\/uploads\/2022\/04\/OBT-20190325_TMS_Board-047-e1557154207752.jpg 345w, https:\/\/mohnfoundation.no\/wp-content\/uploads\/2022\/04\/OBT-20190325_TMS_Board-047-e1557154207752-300x225.jpg 300w, https:\/\/mohnfoundation.no\/wp-content\/uploads\/2022\/04\/OBT-20190325_TMS_Board-047-e1557154207752-320x240.jpg 320w\" sizes=\"auto, (max-width: 345px) 100vw, 345px\" \/>\n\t\t\t\t\n\t\t\t<\/figure>[vc_column_text css=&#8221;&#8221;]<strong>Ole-Bj\u00f8rn Tysnes<\/strong><\/p>\n<p>Neurologist, professor at the University of Bergen and Senior Consultant at Haukeland University Hospital. Former Chair of the Board of Directors of the Bergen Medical Research Foundation.[\/vc_column_text][\/vc_column_inner][\/vc_row_inner][vc_row_inner][vc_column_inner width=&#8221;1\/3&#8243;]\n\t\t\t<figure class=\"standard-image left no-caption\">\n\t\t\t\t<img loading=\"lazy\" decoding=\"async\" width=\"1920\" height=\"1282\" src=\"https:\/\/mohnfoundation.no\/wp-content\/uploads\/2025\/02\/rsz_portrett_randi-luise_mogster-1920x1282.jpg\" class=\"attachment-img-xxl size-img-xxl\" alt=\"\" srcset=\"https:\/\/mohnfoundation.no\/wp-content\/uploads\/2025\/02\/rsz_portrett_randi-luise_mogster-1920x1282.jpg 1920w, https:\/\/mohnfoundation.no\/wp-content\/uploads\/2025\/02\/rsz_portrett_randi-luise_mogster-300x200.jpg 300w, https:\/\/mohnfoundation.no\/wp-content\/uploads\/2025\/02\/rsz_portrett_randi-luise_mogster-1024x684.jpg 1024w, https:\/\/mohnfoundation.no\/wp-content\/uploads\/2025\/02\/rsz_portrett_randi-luise_mogster-768x513.jpg 768w, https:\/\/mohnfoundation.no\/wp-content\/uploads\/2025\/02\/rsz_portrett_randi-luise_mogster-1536x1026.jpg 1536w, https:\/\/mohnfoundation.no\/wp-content\/uploads\/2025\/02\/rsz_portrett_randi-luise_mogster-2048x1368.jpg 2048w, https:\/\/mohnfoundation.no\/wp-content\/uploads\/2025\/02\/rsz_portrett_randi-luise_mogster-320x214.jpg 320w, https:\/\/mohnfoundation.no\/wp-content\/uploads\/2025\/02\/rsz_portrett_randi-luise_mogster-420x281.jpg 420w, https:\/\/mohnfoundation.no\/wp-content\/uploads\/2025\/02\/rsz_portrett_randi-luise_mogster-576x385.jpg 576w, https:\/\/mohnfoundation.no\/wp-content\/uploads\/2025\/02\/rsz_portrett_randi-luise_mogster-992x663.jpg 992w, https:\/\/mohnfoundation.no\/wp-content\/uploads\/2025\/02\/rsz_portrett_randi-luise_mogster-1200x802.jpg 1200w\" sizes=\"auto, (max-width: 1920px) 100vw, 1920px\" \/>\n\t\t\t\t\n\t\t\t<\/figure>[vc_column_text css=&#8221;&#8221;]<strong>Randi-Luise M\u00f8gster<\/strong><\/p>\n<p>Head of division at the Division of psychiatry at Haukeland University Hospital.[\/vc_column_text][vc_column_text css=&#8221;&#8221;][\/vc_column_text][\/vc_column_inner][\/vc_row_inner][vc_column_text css=&#8221;&#8221;]Photo: Melanie Burford, Advokatfirmaet Schj\u00f8dt AS , Hans J\u00f8rgen Brun, \u00d8ystein Fykse and Fotova (Veronika Stuksrud).<\/p>\n<h4>Deputy Board Member:<\/h4>\n<p><strong>Robert Bjerknes;<\/strong> Professor at the University of Bergen (UiB). Former Vice Rector at the University of Bergen, Vice Dean of The Faculty of Medicine and Head of Children and Youth Clinic at Haukeland University Hospital.[\/vc_column_text][\/vc_column][\/vc_row][vc_row][vc_column]<div class=\"spacer-3ed3c4f3188960fecee6faed144db8791289\" style=\"\"><\/div><style>@media (min-width: 320px) { .spacer-3ed3c4f3188960fecee6faed144db8791289{ height: 30px;}}@media (min-width: 767px) { .spacer-3ed3c4f3188960fecee6faed144db8791289{ height: 30px;}}@media (min-width: 979px) { .spacer-3ed3c4f3188960fecee6faed144db8791289{ height: 60px;}}@media (min-width: 1200px) { .spacer-3ed3c4f3188960fecee6faed144db8791289{ height: 60px;}}<\/style>[\/vc_column][\/vc_row]<\/p>\n<\/div>","protected":false},"excerpt":{"rendered":"<p>[vc_row css=&#8221;.vc_custom_1677225457760{margin-right: 0px !important;margin-left: 0px !important;background-position: center !important;background-repeat: no-repeat !important;background-size: cover !important;}&#8221;][vc_column][\/vc_column][\/vc_row][vc_row el_class=&#8221;article-white&#8221; css=&#8221;.vc_custom_1649538946065{margin-right: 0px !important;margin-left: 0px !important;}&#8221;][vc_column][vc_row_inner css=&#8221;.vc_custom_1650537879673{margin-bottom: -30px !important;}&#8221;][vc_column_inner][\/vc_column_inner][\/vc_row_inner][vc_row_inner][vc_column_inner width=&#8221;1\/3&#8243;][vc_column_text]Asbj\u00f8rn Strandbakken \u2013 Chair Professor, Faculty of Law at the University of Bergen. Dean [&#8230;]<\/p>\n<p><a class=\"btn btn-secondary vidiflex-read-more-link\" href=\"https:\/\/mohnfoundation.no\/en\/styret-i-trond-mohn-stiftelse\/\">Read More&#8230;<\/a><\/p>\n","protected":false},"author":3,"featured_media":0,"parent":0,"menu_order":0,"comment_status":"closed","ping_status":"closed","template":"","meta":{"_acf_changed":false,"_relevanssi_hide_post":"","_relevanssi_hide_content":"","_relevanssi_pin_for_all":"","_relevanssi_pin_keywords":"","_relevanssi_unpin_keywords":"","_relevanssi_related_keywords":"","_relevanssi_related_include_ids":"","_relevanssi_related_exclude_ids":"","_relevanssi_related_no_append":"","_relevanssi_related_not_related":"","_relevanssi_related_posts":"","_relevanssi_noindex_reason":"","footnotes":""},"class_list":["post-8204","page","type-page","status-publish","hentry"],"acf":[],"publishpress_future_action":{"enabled":false,"date":"2026-04-26 00:13:43","action":"change-status","newStatus":"draft","terms":[],"taxonomy":"translation_priority","extraData":[]},"publishpress_future_workflow_manual_trigger":{"enabledWorkflows":[]},"_links":{"self":[{"href":"https:\/\/mohnfoundation.no\/en\/wp-json\/wp\/v2\/pages\/8204","targetHints":{"allow":["GET"]}}],"collection":[{"href":"https:\/\/mohnfoundation.no\/en\/wp-json\/wp\/v2\/pages"}],"about":[{"href":"https:\/\/mohnfoundation.no\/en\/wp-json\/wp\/v2\/types\/page"}],"author":[{"embeddable":true,"href":"https:\/\/mohnfoundation.no\/en\/wp-json\/wp\/v2\/users\/3"}],"replies":[{"embeddable":true,"href":"https:\/\/mohnfoundation.no\/en\/wp-json\/wp\/v2\/comments?post=8204"}],"version-history":[{"count":39,"href":"https:\/\/mohnfoundation.no\/en\/wp-json\/wp\/v2\/pages\/8204\/revisions"}],"predecessor-version":[{"id":12608,"href":"https:\/\/mohnfoundation.no\/en\/wp-json\/wp\/v2\/pages\/8204\/revisions\/12608"}],"wp:attachment":[{"href":"https:\/\/mohnfoundation.no\/en\/wp-json\/wp\/v2\/media?parent=8204"}],"curies":[{"name":"wp","href":"https:\/\/api.w.org\/{rel}","templated":true}]}}