{"id":12828,"date":"2025-09-24T11:16:42","date_gmt":"2025-09-24T09:16:42","guid":{"rendered":"https:\/\/mohnfoundation.no\/?page_id=12828"},"modified":"2025-09-24T13:17:27","modified_gmt":"2025-09-24T11:17:27","slug":"advanced-clinical-cancer-studies","status":"publish","type":"page","link":"https:\/\/mohnfoundation.no\/en\/https-mohnfoundation-no-en-thematic-initiatives-womens-health\/advanced-clinical-cancer-studies\/","title":{"rendered":"Advanced clinical cancer studies"},"content":{"rendered":"<div class=\"wpb-content-wrapper\"><p>[vc_row el_class=&#8221;article-white&#8221; css=&#8221;.vc_custom_1699529085046{margin-right: 0px !important;margin-left: 0px !important;}&#8221;][vc_column][vc_separator][vc_row_inner css=&#8221;.vc_custom_1650537879673{margin-bottom: -30px !important;}&#8221;][vc_column_inner]<div class=\"header left  \"><h1 class=\"font-size-sm\" title=\"Advanced clinical cancer studies\">Advanced clinical cancer studies<\/h1><\/div>[\/vc_column_inner][\/vc_row_inner][vc_row_inner][vc_column_inner width=&#8221;2\/3&#8243;][vc_column_text css=&#8221;&#8221;]More than 340,000 Norwegians have or have had cancer, and the number is expected to rise in the coming years. The goal of this thematic initiative is to develop more targeted cancer treatments and offer new hope to patients with serious forms of cancer.<br \/>\nThe three clinical studies that have received funding are projects at Haukeland University Hospital:<\/p>\n<p><strong>STARS \u2013 New combination treatment for aggressive brain tumors<\/strong><br \/>\nThis project, led by Bente Skeie, investigates a new treatment strategy for glioblastoma (GBM). Even after surgery, radiation, and chemotherapy, most patients experience rapid relapse, and no effective treatment currently exists.<br \/>\nThe tumor protects itself from radiation by producing antioxidants that reduce the treatment\u2019s effectiveness. Researchers believe that sulfasalazine (SAS), a well-known drug, may inhibit this protection and make radiation more effective. A larger international study with 108 patients is now being planned, where the effect of this drug will be tested over three months.<\/p>\n<p><strong>HUVAMER \u2013 Home-based treatment for blood cancer<\/strong><br \/>\nThis project, led by Bj\u00f8rn Tore Gjertsen, aims to develop a new and more accessible treatment for acute myeloid leukemia (AML). AML occurs most frequently in older individuals, and survival rates are low \u2013 only one in four patients survives after three years.<br \/>\nAlthough treatments exist, they often lose effectiveness over time. The HUVAMER project, led by Bj\u00f8rn Tore Gjertsen, explores a new combination of medications with the goal of achieving safe, cost-effective, and home-based treatment.<br \/>\nResearchers will identify biological markers that indicate who benefits from the treatment, enabling more precise and effective therapy.<\/p>\n<p><strong>NorCUP \u2013 The search for cancer\u2019s origin<\/strong><br \/>\nThis project addresses cancer of unknown primary origin, also known as CUP. In CUP, the cancer has already spread, but it is not possible to identify where it first arose, making targeted treatment challenging. The condition is rare but serious \u2013 only one in five patients survives one year after diagnosis.<br \/>\nIn the NorCUP project, led by Stian Knappskog, researchers use advanced analyses to determine where the cancer originated. The goal is more precise and personalized treatment that can offer better prospects for patients.<\/p>\n<figure id=\"attachment_12841\" aria-describedby=\"caption-attachment-12841\" style=\"width: 562px\" class=\"wp-caption alignnone\"><img loading=\"lazy\" decoding=\"async\" class=\"wp-image-12841 \" src=\"https:\/\/mohnfoundation.no\/wp-content\/uploads\/2025\/09\/haukeland-universitetssykehus-300x200.webp\" alt=\"\" width=\"562\" height=\"374\" srcset=\"https:\/\/mohnfoundation.no\/wp-content\/uploads\/2025\/09\/haukeland-universitetssykehus-300x200.webp 300w, https:\/\/mohnfoundation.no\/wp-content\/uploads\/2025\/09\/haukeland-universitetssykehus-768x512.webp 768w, https:\/\/mohnfoundation.no\/wp-content\/uploads\/2025\/09\/haukeland-universitetssykehus-320x213.webp 320w, https:\/\/mohnfoundation.no\/wp-content\/uploads\/2025\/09\/haukeland-universitetssykehus-420x280.webp 420w, https:\/\/mohnfoundation.no\/wp-content\/uploads\/2025\/09\/haukeland-universitetssykehus-576x384.webp 576w, https:\/\/mohnfoundation.no\/wp-content\/uploads\/2025\/09\/haukeland-universitetssykehus.webp 900w\" sizes=\"auto, (max-width: 562px) 100vw, 562px\" \/><figcaption id=\"caption-attachment-12841\" class=\"wp-caption-text\">Haukeland University Hospital<\/figcaption><\/figure>\n<p>[\/vc_column_text][\/vc_column_inner][vc_column_inner width=&#8221;1\/3&#8243;]<div class=\"infobox light-brown\">\n<div class=\"wpb_text_column wpb_content_element \">\n<div class=\"wpb_wrapper\">\n<p><strong>Fact Box:<\/strong><\/p>\n<ul>\n<li>The projects are a joint effort between Haukeland University Hospital and the Trond Mohn Research Foundation (TMF).<\/li>\n<li>TMF is contributing NOK 6 million per project, totaling NOK 18 million.<\/li>\n<li>Read more on the shared website about the projects: <a href=\"https:\/\/www.helse-bergen.no\/fag-og-forsking\/forsking\/forskargrupper\/avanserte-kliniske-kreftstudier\/\" target=\"_blank\" rel=\"noopener\">Avanserte kliniske kreftstudier &#8211; Helse Bergen HF<\/a><\/li>\n<\/ul>\n<p>Photo below: The researchers\u00a0 (from left) Bente Skeie, Stian Knappskog og Bj\u00f8rn Tore Gjertsen. Photo: Marius L\u00f8b\u00f8 Fimland<\/p>\n<\/div>\n<\/div>\n<\/div>[vc_single_image image=&#8221;12814&#8243; img_size=&#8221;full&#8221; add_caption=&#8221;yes&#8221; css=&#8221;&#8221;][\/vc_column_inner][\/vc_row_inner][\/vc_column][\/vc_row][vc_row][vc_column]<div class=\"spacer-3ed3c4f3188960fecee6faed144db8791289\" style=\"\"><\/div><style>@media (min-width: 320px) { .spacer-3ed3c4f3188960fecee6faed144db8791289{ height: 30px;}}@media (min-width: 767px) { .spacer-3ed3c4f3188960fecee6faed144db8791289{ height: 30px;}}@media (min-width: 979px) { .spacer-3ed3c4f3188960fecee6faed144db8791289{ height: 60px;}}@media (min-width: 1200px) { .spacer-3ed3c4f3188960fecee6faed144db8791289{ height: 60px;}}<\/style>[\/vc_column][\/vc_row]<\/p>\n<\/div>","protected":false},"excerpt":{"rendered":"<p>[vc_row el_class=&#8221;article-white&#8221; css=&#8221;.vc_custom_1699529085046{margin-right: 0px !important;margin-left: 0px !important;}&#8221;][vc_column][vc_separator][vc_row_inner css=&#8221;.vc_custom_1650537879673{margin-bottom: -30px !important;}&#8221;][vc_column_inner][\/vc_column_inner][\/vc_row_inner][vc_row_inner][vc_column_inner width=&#8221;2\/3&#8243;][vc_column_text css=&#8221;&#8221;]More than 340,000 Norwegians have or have had cancer, and the number is expected to rise in the coming years. The goal of this [&#8230;]<\/p>\n<p><a class=\"btn btn-secondary vidiflex-read-more-link\" href=\"https:\/\/mohnfoundation.no\/en\/https-mohnfoundation-no-en-thematic-initiatives-womens-health\/advanced-clinical-cancer-studies\/\">Read More&#8230;<\/a><\/p>\n","protected":false},"author":12,"featured_media":12814,"parent":8283,"menu_order":0,"comment_status":"closed","ping_status":"closed","template":"","meta":{"_acf_changed":false,"_relevanssi_hide_post":"","_relevanssi_hide_content":"","_relevanssi_pin_for_all":"","_relevanssi_pin_keywords":"","_relevanssi_unpin_keywords":"","_relevanssi_related_keywords":"","_relevanssi_related_include_ids":"","_relevanssi_related_exclude_ids":"","_relevanssi_related_no_append":"","_relevanssi_related_not_related":"","_relevanssi_related_posts":"","_relevanssi_noindex_reason":"","footnotes":""},"class_list":["post-12828","page","type-page","status-publish","has-post-thumbnail","hentry"],"acf":[],"publishpress_future_action":{"enabled":false,"date":"2026-04-22 06:00:17","action":"change-status","newStatus":"draft","terms":[],"taxonomy":"translation_priority","extraData":[]},"publishpress_future_workflow_manual_trigger":{"enabledWorkflows":[]},"_links":{"self":[{"href":"https:\/\/mohnfoundation.no\/en\/wp-json\/wp\/v2\/pages\/12828","targetHints":{"allow":["GET"]}}],"collection":[{"href":"https:\/\/mohnfoundation.no\/en\/wp-json\/wp\/v2\/pages"}],"about":[{"href":"https:\/\/mohnfoundation.no\/en\/wp-json\/wp\/v2\/types\/page"}],"author":[{"embeddable":true,"href":"https:\/\/mohnfoundation.no\/en\/wp-json\/wp\/v2\/users\/12"}],"replies":[{"embeddable":true,"href":"https:\/\/mohnfoundation.no\/en\/wp-json\/wp\/v2\/comments?post=12828"}],"version-history":[{"count":7,"href":"https:\/\/mohnfoundation.no\/en\/wp-json\/wp\/v2\/pages\/12828\/revisions"}],"predecessor-version":[{"id":12857,"href":"https:\/\/mohnfoundation.no\/en\/wp-json\/wp\/v2\/pages\/12828\/revisions\/12857"}],"up":[{"embeddable":true,"href":"https:\/\/mohnfoundation.no\/en\/wp-json\/wp\/v2\/pages\/8283"}],"wp:featuredmedia":[{"embeddable":true,"href":"https:\/\/mohnfoundation.no\/en\/wp-json\/wp\/v2\/media\/12814"}],"wp:attachment":[{"href":"https:\/\/mohnfoundation.no\/en\/wp-json\/wp\/v2\/media?parent=12828"}],"curies":[{"name":"wp","href":"https:\/\/api.w.org\/{rel}","templated":true}]}}